{"id":6792,"date":"2026-04-30T14:18:09","date_gmt":"2026-04-30T14:18:09","guid":{"rendered":"https:\/\/ilariaberenice.art\/artwork\/open-horizon-t-shirt-artistica-in-edizione-limitata\/"},"modified":"2026-05-01T17:23:30","modified_gmt":"2026-05-01T17:23:30","slug":"open-horizon-t-shirt-artistica-in-edizione-limitata","status":"publish","type":"product","link":"https:\/\/ilariaberenice.art\/it\/artwork\/open-horizon-t-shirt-artistica-in-edizione-limitata\/","title":{"rendered":"Open Horizon"},"content":{"rendered":"<p>**Open Horizon** cattura il momento di quiete dell&#8217;espansione: una presenza in movimento, sospesa tra libert\u00e0 e immobilit\u00e0.<\/p>\n<p>Con le sue ali spiegate e le tonalit\u00e0 delicate, quest&#8217;opera evoca un senso di spazio, leggerezza e interiorit\u00e0. Non \u00e8 solo una forma in volo, ma una sottile espressione di movimento e consapevolezza. <\/p>\n<p>Ogni pezzo fa parte di un&#8217;edizione limitata di 50 esemplari, creati per essere indossati come un frammento d&#8217;arte, qualcosa che perdura, al di l\u00e0 di ci\u00f2 che \u00e8 visibile.<\/p>\n<p>\u2022 100% cotone pettinato e filato ad anello (i colori m\u00e9lange contengono poliestere)<br \/>\n\u2022 Grammatura del tessuto: 142 g\/m\u00b2<br \/>\n\u2022 Tessuto prelavato<br \/>\n\u2022 Cuciture laterali<br \/>\n\u2022 Nastro di rinforzo da spalla a spalla<br \/>\n\u2022 Prodotto neutro proveniente da Nicaragua, Messico, Honduras o Stati Uniti<\/p>\n<p>Nota bene: i colori pi\u00f9 chiari potrebbero risultare leggermente trasparenti a seconda dell&#8217;illuminazione e della sovrapposizione degli indumenti.<\/p>\n<p>\u2022 Tracciabilit\u00e0:<br \/>\n&#8211; Tessitura: India, Corea del Sud<br \/>\n&#8211; Tintura: El Salvador, California<br \/>\n&#8211; Produzione: Nicaragua, Messico, Honduras o Stati Uniti<br \/>\n\u2022 Contiene 0% poliestere riciclato<br \/>\n\u2022 Contiene 0% sostanze pericolose<\/p>\n<p>Limitazioni di et\u00e0: per adulti<br \/>\nGaranzia UE: 2 anni<\/p>\n<p>Nel rispetto del Regolamento generale sulla sicurezza dei prodotti (GPSR), <b>Ilaria Berenice<\/b> garantisce che tutti i prodotti di consumo offerti siano sicuri e conformi agli standard UE. Per qualsiasi domanda o dubbio relativo alla sicurezza dei prodotti, si prega di contattarci all&#8217;indirizzo <b>info@ilariaberenice.art<\/b> o di scriverci a <b>Gavi, 36, Serravalle Scrivia, AL, Italia<\/b>. <\/p>\n","protected":false},"excerpt":{"rendered":"<p>Edizione limitata a 50 pezzi in tutto il mondo.<\/p>\n<p>Un&#8217;opera d&#8217;arte da indossare della collezione<em> Wings of Freedom<\/em>.<\/p>\n<p>&#8220;Open Horizon&#8221; evoca un senso di espansione e spazio illimitato: un invito discreto ad andare oltre i confini.<\/p>\n<p>\u2022 Edizione limitata a 50 pezzi<br \/>\n\u2022 Include certificato di autenticit\u00e0 (digitale)<br \/>\n\u2022 100% cotone morbido<br \/>\n\u2022 Unisex<\/p>\n<p>Un soffio di libert\u00e0 da indossare.<\/p>\n","protected":false},"featured_media":6788,"comment_status":"open","ping_status":"closed","template":"","meta":{"_kad_post_transparent":"","_kad_post_title":"","_kad_post_layout":"","_kad_post_sidebar_id":"","_kad_post_content_style":"","_kad_post_vertical_padding":"","_kad_post_feature":"","_kad_post_feature_position":"","_kad_post_header":false,"_kad_post_footer":false,"_kad_post_classname":""},"product_brand":[],"product_cat":[460],"product_tag":[462],"class_list":{"0":"post-6792","1":"product","2":"type-product","3":"status-publish","4":"has-post-thumbnail","6":"product_cat-ali-della-liberta","7":"product_tag-ali-della-liberta","9":"first","10":"instock","11":"taxable","12":"shipping-taxable","13":"purchasable","14":"product-type-variable","15":"entry","16":"content-bg","17":"loop-entry"},"_links":{"self":[{"href":"https:\/\/ilariaberenice.art\/it\/wp-json\/wp\/v2\/product\/6792","targetHints":{"allow":["GET"]}}],"collection":[{"href":"https:\/\/ilariaberenice.art\/it\/wp-json\/wp\/v2\/product"}],"about":[{"href":"https:\/\/ilariaberenice.art\/it\/wp-json\/wp\/v2\/types\/product"}],"replies":[{"embeddable":true,"href":"https:\/\/ilariaberenice.art\/it\/wp-json\/wp\/v2\/comments?post=6792"}],"wp:featuredmedia":[{"embeddable":true,"href":"https:\/\/ilariaberenice.art\/it\/wp-json\/wp\/v2\/media\/6788"}],"wp:attachment":[{"href":"https:\/\/ilariaberenice.art\/it\/wp-json\/wp\/v2\/media?parent=6792"}],"wp:term":[{"taxonomy":"product_brand","embeddable":true,"href":"https:\/\/ilariaberenice.art\/it\/wp-json\/wp\/v2\/product_brand?post=6792"},{"taxonomy":"product_cat","embeddable":true,"href":"https:\/\/ilariaberenice.art\/it\/wp-json\/wp\/v2\/product_cat?post=6792"},{"taxonomy":"product_tag","embeddable":true,"href":"https:\/\/ilariaberenice.art\/it\/wp-json\/wp\/v2\/product_tag?post=6792"}],"curies":[{"name":"wp","href":"https:\/\/api.w.org\/{rel}","templated":true}]}}