{"id":6495,"date":"2026-04-23T15:48:16","date_gmt":"2026-04-23T15:48:16","guid":{"rendered":"https:\/\/ilariaberenice.art\/silent-presence\/"},"modified":"2026-04-27T17:14:41","modified_gmt":"2026-04-27T17:14:41","slug":"silent-presence","status":"publish","type":"product","link":"https:\/\/ilariaberenice.art\/it\/artwork\/silent-presence\/","title":{"rendered":"Silent Presence"},"content":{"rendered":"<p data-start=\"874\" data-end=\"996\">Silent Presence cattura uno stato di sovranit\u00e0 interiore, in cui il potere si fa silenzioso e la presenza parla senza forza.<\/p>\n<p data-start=\"1003\" data-end=\"1099\">Il leone non \u00e8 in azione, eppure detiene tutto: consapevolezza, tensione e tranquilla autorit\u00e0.<\/p>\n<p data-start=\"1106\" data-end=\"1173\">Un&#8217;opera che non si impone, ma si rivela nel tempo.<\/p>\n<p>Ogni edizione venduta aumenta il valore della successiva, rafforzandone la rarit\u00e0 nel tempo.<\/p>\n<p class=\"p1\">Questa stampa d&#8217;arte \u00e8 limitata a 50 esemplari firmati e numerati, stampati su carta Hahnem\u00fchle German Etching, una carta per belle arti di qualit\u00e0 museale con una superficie raffinata e piacevole al tatto.<\/p>\n<p class=\"p1\">Ogni stampa \u00e8 accompagnata da un certificato di autenticit\u00e0 firmato a mano ed \u00e8 prodotta da laboratori specializzati in belle arti in Europa e Nord America. Le stampe vengono realizzate nella sede pi\u00f9 vicina al collezionista, garantendo tempi di spedizione ottimizzati, un impatto ambientale ridotto e i pi\u00f9 elevati standard di cura durante la consegna.<\/p>\n<p class=\"p1\">Incorniciata: cornice in legno minimalista di alta qualit\u00e0, in stile galleria contemporanea, prodotta da un laboratorio specializzato in belle arti.<\/p>\n<p class=\"p1\"><strong>\ud83d\udccc Dettagli<\/strong><br \/>\n\u2013 Edizione limitata di 50 copie totali<br \/>\n\u2013 Dimensioni dell&#8217;immagine: 66 x 51 cm (26\u2033 \u00d7 20,2\u2033 pollici)<br \/>\n\u2013 Dimensioni totali: 83 x 63 cm (32,4\u2033 \u00d7 24,6\u2033 pollici)<br \/>\n\u2013 Carta Fine Art certificata (Hahnem\u00fchle German Etching), stampa Gicl\u00e9e professionale<br \/>\n\u2013 Firma e numerazione sulla stampa<br \/>\n\u2013 Incorniciata e pronta per essere appesa<br \/>\n\u2013 Certificato di autenticit\u00e0 firmato a mano<br \/>\n\u2013 Nessun dazio doganale per ordini UE, Regno Unito e USA<br \/>\n\u2013 Spedizione in tutto il mondo<\/p>\n<p class=\"p1\">Porta luce e profondit\u00e0 nel tuo spazio con un&#8217;opera che parla direttamente all&#8217;anima.<\/p>\n<p class=\"p1\"><b>Formati monumentali disponibili su richiesta per collezionisti e progetti speciali.<\/b><\/p>\n","protected":false},"excerpt":{"rendered":"<p data-start=\"826\" data-end=\"876\"><strong data-start=\"826\" data-end=\"876\">Una presenza silenziosa di luce e consapevolezza interiore.<\/strong><\/p>\n<p data-start=\"878\" data-end=\"927\">Solo 50 collezionisti in tutto il mondo possiederanno questo pezzo.<\/p>\n<p data-start=\"929\" data-end=\"979\">Un momento sospeso tra istinto e immobilit\u00e0.<\/p>\n<p data-start=\"981\" data-end=\"1090\">Stampa Gicl\u00e9e Fine Art in edizione limitata, firmata e numerata su carta Hahnem\u00fchle German Etching di qualit\u00e0 museale.<\/p>\n<p data-start=\"1092\" data-end=\"1124\">Formato: 80 \u00d7 60 cm (31.5\u2033 \u00d7 23.6\u2033)<\/p>\n","protected":false},"featured_media":6493,"comment_status":"open","ping_status":"closed","template":"","meta":{"_kad_post_transparent":"","_kad_post_title":"","_kad_post_layout":"","_kad_post_sidebar_id":"","_kad_post_content_style":"","_kad_post_vertical_padding":"","_kad_post_feature":"","_kad_post_feature_position":"","_kad_post_header":false,"_kad_post_footer":false,"_kad_post_classname":""},"product_brand":[59],"product_cat":[305],"product_tag":[397,391],"class_list":{"0":"post-6495","1":"product","2":"type-product","3":"status-publish","4":"has-post-thumbnail","6":"product_brand-ilaria-berenice","7":"product_cat-animalia","8":"product_tag-potente-arte-del-leone","9":"product_tag-stampa-artistica-di-leone","11":"first","12":"instock","13":"sold-individually","14":"taxable","15":"shipping-taxable","16":"purchasable","17":"product-type-variable","18":"has-default-attributes","19":"entry","20":"content-bg","21":"loop-entry"},"_links":{"self":[{"href":"https:\/\/ilariaberenice.art\/it\/wp-json\/wp\/v2\/product\/6495","targetHints":{"allow":["GET"]}}],"collection":[{"href":"https:\/\/ilariaberenice.art\/it\/wp-json\/wp\/v2\/product"}],"about":[{"href":"https:\/\/ilariaberenice.art\/it\/wp-json\/wp\/v2\/types\/product"}],"replies":[{"embeddable":true,"href":"https:\/\/ilariaberenice.art\/it\/wp-json\/wp\/v2\/comments?post=6495"}],"wp:featuredmedia":[{"embeddable":true,"href":"https:\/\/ilariaberenice.art\/it\/wp-json\/wp\/v2\/media\/6493"}],"wp:attachment":[{"href":"https:\/\/ilariaberenice.art\/it\/wp-json\/wp\/v2\/media?parent=6495"}],"wp:term":[{"taxonomy":"product_brand","embeddable":true,"href":"https:\/\/ilariaberenice.art\/it\/wp-json\/wp\/v2\/product_brand?post=6495"},{"taxonomy":"product_cat","embeddable":true,"href":"https:\/\/ilariaberenice.art\/it\/wp-json\/wp\/v2\/product_cat?post=6495"},{"taxonomy":"product_tag","embeddable":true,"href":"https:\/\/ilariaberenice.art\/it\/wp-json\/wp\/v2\/product_tag?post=6495"}],"curies":[{"name":"wp","href":"https:\/\/api.w.org\/{rel}","templated":true}]}}