{"id":6483,"date":"2026-04-23T13:06:25","date_gmt":"2026-04-23T13:06:25","guid":{"rendered":"https:\/\/ilariaberenice.art\/inner-light\/"},"modified":"2026-04-27T17:15:29","modified_gmt":"2026-04-27T17:15:29","slug":"inner-light","status":"publish","type":"product","link":"https:\/\/ilariaberenice.art\/it\/artwork\/inner-light\/","title":{"rendered":"Inner Light"},"content":{"rendered":"<p><em data-start=\"350\" data-end=\"363\">Inner Light \u00e8<\/em> un&#8217;opera che esplora la sottile presenza della consapevolezza e della luminosit\u00e0 interiore.<br data-start=\"442\" data-end=\"445\">Una quieta emersione di forma e percezione, dove la luce non rivela, ma diventa.<\/p>\n<p>Ogni edizione venduta aumenta il valore della successiva, rafforzandone la rarit\u00e0 nel tempo.<\/p>\n<p class=\"p1\">Questa stampa d&#8217;arte \u00e8 limitata a 50 esemplari firmati e numerati, stampati su carta Hahnem\u00fchle German Etching, una carta per belle arti di qualit\u00e0 museale con una superficie raffinata e piacevole al tatto.<\/p>\n<p class=\"p1\">Ogni stampa \u00e8 accompagnata da un certificato di autenticit\u00e0 firmato a mano ed \u00e8 prodotta da laboratori specializzati in belle arti in Europa e Nord America. Le stampe vengono realizzate nella sede pi\u00f9 vicina al collezionista, garantendo tempi di spedizione ottimizzati, un impatto ambientale ridotto e i pi\u00f9 elevati standard di cura durante la consegna.<\/p>\n<p class=\"p1\">Incorniciata: cornice in legno minimalista di alta qualit\u00e0, in stile galleria contemporanea, prodotta da un laboratorio specializzato in belle arti.<\/p>\n<p class=\"p1\">\ud83d\udccc<strong> Dettagli<\/strong><br \/>\n\u2013 Edizione limitata di 50 copie totali<br \/>\n\u2013 Dimensioni immagine: 66 x 52 cm (25,7\u2033 \u00d7 20,3\u2033 pollici)<br \/>\n\u2013 Dimensioni totali: 83 x 63 cm (32,4\u2033 \u00d7 24,6\u2033 pollici)<br \/>\n\u2013 Carta Fine Art certificata (Hahnem\u00fchle German Etching), stampa Gicl\u00e9e professionale<br \/>\n\u2013 Firma e numerazione sulla stampa<br \/>\n\u2013 Incorniciata e pronta da appendere<br \/>\n\u2013 Certificato di autenticit\u00e0 firmato a mano<br \/>\n\u2013 Nessun dazio doganale per ordini in UE, Regno Unito e USA<br \/>\n\u2013 Spedizione in tutto il mondo<\/p>\n<p class=\"p1\">Porta luce e profondit\u00e0 nel tuo spazio con un&#8217;opera che parla direttamente all&#8217;anima.<\/p>\n<p class=\"p1\"><b>Formati monumentali disponibili su richiesta per collezionisti e progetti speciali.<\/b><\/p>\n","protected":false},"excerpt":{"rendered":"<p data-start=\"830\" data-end=\"873\"><strong data-start=\"830\" data-end=\"873\">Una sottile manifestazione di luminosit\u00e0 interiore.<\/strong><\/p>\n<p data-start=\"875\" data-end=\"924\">Solo 50 collezionisti in tutto il mondo possiederanno questo pezzo.<\/p>\n<p data-start=\"926\" data-end=\"971\">Una presenza che si rivela attraverso la luce.<\/p>\n<p data-start=\"973\" data-end=\"1082\">Stampa Gicl\u00e9e Fine Art in edizione limitata, firmata e numerata su carta Hahnem\u00fchle German Etching di qualit\u00e0 museale.<\/p>\n<p data-start=\"1084\" data-end=\"1116\">Formato: 80 \u00d7 60 cm (31.5\u2033 \u00d7 23.6\u2033)<\/p>\n<p data-start=\"1084\" data-end=\"1116\"><strong>Un&#8217;opera che si dispiega nel tempo, rivelando la sua presenza attraverso la luce.<\/strong><\/p>\n","protected":false},"featured_media":6481,"comment_status":"open","ping_status":"closed","template":"","meta":{"_kad_post_transparent":"","_kad_post_title":"","_kad_post_layout":"","_kad_post_sidebar_id":"","_kad_post_content_style":"","_kad_post_vertical_padding":"","_kad_post_feature":"","_kad_post_feature_position":"","_kad_post_header":false,"_kad_post_footer":false,"_kad_post_classname":""},"product_brand":[59],"product_cat":[305],"product_tag":[385],"class_list":{"0":"post-6483","1":"product","2":"type-product","3":"status-publish","4":"has-post-thumbnail","6":"product_brand-ilaria-berenice","7":"product_cat-animalia","8":"product_tag-opera-darte-del-leone-in-edizione-limitata","10":"first","11":"instock","12":"sold-individually","13":"taxable","14":"shipping-taxable","15":"purchasable","16":"product-type-variable","17":"has-default-attributes","18":"entry","19":"content-bg","20":"loop-entry"},"_links":{"self":[{"href":"https:\/\/ilariaberenice.art\/it\/wp-json\/wp\/v2\/product\/6483","targetHints":{"allow":["GET"]}}],"collection":[{"href":"https:\/\/ilariaberenice.art\/it\/wp-json\/wp\/v2\/product"}],"about":[{"href":"https:\/\/ilariaberenice.art\/it\/wp-json\/wp\/v2\/types\/product"}],"replies":[{"embeddable":true,"href":"https:\/\/ilariaberenice.art\/it\/wp-json\/wp\/v2\/comments?post=6483"}],"wp:featuredmedia":[{"embeddable":true,"href":"https:\/\/ilariaberenice.art\/it\/wp-json\/wp\/v2\/media\/6481"}],"wp:attachment":[{"href":"https:\/\/ilariaberenice.art\/it\/wp-json\/wp\/v2\/media?parent=6483"}],"wp:term":[{"taxonomy":"product_brand","embeddable":true,"href":"https:\/\/ilariaberenice.art\/it\/wp-json\/wp\/v2\/product_brand?post=6483"},{"taxonomy":"product_cat","embeddable":true,"href":"https:\/\/ilariaberenice.art\/it\/wp-json\/wp\/v2\/product_cat?post=6483"},{"taxonomy":"product_tag","embeddable":true,"href":"https:\/\/ilariaberenice.art\/it\/wp-json\/wp\/v2\/product_tag?post=6483"}],"curies":[{"name":"wp","href":"https:\/\/api.w.org\/{rel}","templated":true}]}}