{"id":6468,"date":"2026-04-23T11:25:00","date_gmt":"2026-04-23T11:25:00","guid":{"rendered":"https:\/\/ilariaberenice.art\/silent-instinct\/"},"modified":"2026-04-27T17:17:48","modified_gmt":"2026-04-27T17:17:48","slug":"silent-instinct","status":"publish","type":"product","link":"https:\/\/ilariaberenice.art\/it\/artwork\/silent-instinct\/","title":{"rendered":"Silent Instinct"},"content":{"rendered":"<p>In questa presenza si percepisce una forza silenziosa, non imposta, ma semplicemente presente.<\/p>\n<p><em>Silent Instinct<\/em> emerge da strati di materia e gesto, dove l&#8217;immagine non \u00e8 costruita ma rivelata. Lo sguardo \u00e8 calmo, radicato, quasi sospeso tra istinto e consapevolezza. <\/p>\n<p>Le texture fluide e i segni organici evocano un senso di movimento sotto la superficie, come se la forma fosse ancora in divenire: viva, mutevole e profondamente connessa a qualcosa di essenziale.<\/p>\n<p>Quest&#8217;opera invita a un dialogo silenzioso con lo spettatore, apportando profondit\u00e0, equilibrio e una sottile intensit\u00e0 allo spazio che occupa.<\/p>\n<p>Ogni edizione venduta aumenta il valore della successiva, rafforzandone la rarit\u00e0 nel tempo.<\/p>\n<p class=\"p1\">Questa stampa d&#8217;arte \u00e8 limitata a 50 esemplari firmati e numerati, stampati su carta Hahnem\u00fchle German Etching, una carta per belle arti di qualit\u00e0 museale con una superficie raffinata e piacevole al tatto.<\/p>\n<p class=\"p1\">Ogni stampa \u00e8 accompagnata da un certificato di autenticit\u00e0 firmato a mano ed \u00e8 prodotta da laboratori specializzati in belle arti in Europa e Nord America. Le stampe vengono realizzate nella sede pi\u00f9 vicina al collezionista, garantendo tempi di spedizione ottimizzati, un impatto ambientale ridotto e i pi\u00f9 elevati standard di cura durante la consegna.<\/p>\n<p class=\"p1\">Incorniciata: cornice in legno minimalista di alta qualit\u00e0, in stile galleria contemporanea, prodotta da un laboratorio specializzato in belle arti.<\/p>\n<p class=\"p1\">\ud83d\udccc<strong> Dettagli<\/strong><br \/>\n\u2013 Edizione limitata di 50 copie totali<br \/>\n\u2013 Dimensioni immagine: 66 x 52 cm (25,7\u2033 \u00d7 20,3\u2033 pollici)<br \/>\n\u2013 Dimensioni totali: 83 x 63 cm (32,4\u2033 \u00d7 24,6\u2033 pollici)<br \/>\n\u2013 Carta Fine Art certificata (Hahnem\u00fchle German Etching), stampa Gicl\u00e9e professionale<br \/>\n\u2013 Firma e numerazione sulla stampa<br \/>\n\u2013 Incorniciata e pronta da appendere<br \/>\n\u2013 Certificato di autenticit\u00e0 firmato a mano<br \/>\n\u2013 Nessun dazio doganale per ordini in UE, Regno Unito e USA<br \/>\n\u2013 Spedizione in tutto il mondo<\/p>\n<p class=\"p1\">Porta luce e profondit\u00e0 nel tuo spazio con un&#8217;opera che parla direttamente all&#8217;anima.<\/p>\n<p class=\"p1\"><b>Formati monumentali disponibili su richiesta per collezionisti e progetti speciali.<\/b><\/p>\n<p>L&#8217;opera originale \u00e8 disponibile (65 \u00d7 50 cm). Per qualsiasi informazione, non esitate a contattarci tramite la <a href=\"https:\/\/ilariaberenice.art\/it\/contatta-ilaria-berenice\/\">pagina dei contatti.<\/a> <\/p>\n","protected":false},"excerpt":{"rendered":"<p>Una presenza silenziosa di istinto e forza interiore.<\/p>\n<p>Solo 50 collezionisti in tutto il mondo possiederanno questo pezzo.<\/p>\n<p>Stampa Gicl\u00e9e Fine Art in edizione limitata, firmata e numerata su carta Hahnem\u00fchle German Etching di qualit\u00e0 museale.<br \/>Dimensioni: 80 \u00d7 60 cm (31,5\u2033 \u00d7 23,6\u2033)<\/p>\n<p data-start=\"1342\" data-end=\"1405\"><strong data-start=\"1345\" data-end=\"1405\">Una presenza che infonde solidit\u00e0 e concretezza all&#8217;ambiente.<\/strong><\/p>\n","protected":false},"featured_media":6466,"comment_status":"open","ping_status":"closed","template":"","meta":{"_kad_post_transparent":"","_kad_post_title":"","_kad_post_layout":"","_kad_post_sidebar_id":"","_kad_post_content_style":"","_kad_post_vertical_padding":"","_kad_post_feature":"","_kad_post_feature_position":"","_kad_post_header":false,"_kad_post_footer":false,"_kad_post_classname":""},"product_brand":[59],"product_cat":[305],"product_tag":[457,456],"class_list":{"0":"post-6468","1":"product","2":"type-product","3":"status-publish","4":"has-post-thumbnail","6":"product_brand-ilaria-berenice","7":"product_cat-animalia","8":"product_tag-animalia","9":"product_tag-tigre","11":"first","12":"instock","13":"sold-individually","14":"taxable","15":"shipping-taxable","16":"purchasable","17":"product-type-variable","18":"has-default-attributes","19":"entry","20":"content-bg","21":"loop-entry"},"_links":{"self":[{"href":"https:\/\/ilariaberenice.art\/it\/wp-json\/wp\/v2\/product\/6468","targetHints":{"allow":["GET"]}}],"collection":[{"href":"https:\/\/ilariaberenice.art\/it\/wp-json\/wp\/v2\/product"}],"about":[{"href":"https:\/\/ilariaberenice.art\/it\/wp-json\/wp\/v2\/types\/product"}],"replies":[{"embeddable":true,"href":"https:\/\/ilariaberenice.art\/it\/wp-json\/wp\/v2\/comments?post=6468"}],"wp:featuredmedia":[{"embeddable":true,"href":"https:\/\/ilariaberenice.art\/it\/wp-json\/wp\/v2\/media\/6466"}],"wp:attachment":[{"href":"https:\/\/ilariaberenice.art\/it\/wp-json\/wp\/v2\/media?parent=6468"}],"wp:term":[{"taxonomy":"product_brand","embeddable":true,"href":"https:\/\/ilariaberenice.art\/it\/wp-json\/wp\/v2\/product_brand?post=6468"},{"taxonomy":"product_cat","embeddable":true,"href":"https:\/\/ilariaberenice.art\/it\/wp-json\/wp\/v2\/product_cat?post=6468"},{"taxonomy":"product_tag","embeddable":true,"href":"https:\/\/ilariaberenice.art\/it\/wp-json\/wp\/v2\/product_tag?post=6468"}],"curies":[{"name":"wp","href":"https:\/\/api.w.org\/{rel}","templated":true}]}}