{"id":6001,"date":"2026-01-27T18:40:42","date_gmt":"2026-01-27T18:40:42","guid":{"rendered":"https:\/\/ilariaberenice.art\/brazil\/"},"modified":"2026-04-14T18:23:26","modified_gmt":"2026-04-14T18:23:26","slug":"brazil","status":"publish","type":"product","link":"https:\/\/ilariaberenice.art\/it\/artwork\/brazil\/","title":{"rendered":"Brazil"},"content":{"rendered":"<p><strong>Brazil<\/strong> \u00e8 un dipinto co-creato da Ilaria Berenice e Paolo Amoretti.<\/p>\n<p>Il volto centrale nasce da una reinterpretazione astratta di Ilaria Berenice dei tratti somatici, non concepito come un ritratto, ma come un punto di partenza intuitivo, filtrato attraverso la memoria e la percezione interiore piuttosto che la somiglianza. La figura emerge da gesti stratificati e tracce emotive, sospesa tra presenza e trasformazione. <\/p>\n<p>Le pennellate distintive di Paolo Amoretti, rosse e blu, interagiscono con gli interventi di Ilaria, mentre lo sfondo scuro introduce profondit\u00e0 e tensione, consentendo alla figura di emergere gradualmente dallo spazio circostante. Il colore diventa struttura e atmosfera, plasmando una presenza che appare radicata ma irrisolta. <\/p>\n<p><em>Brazil<\/em> non si riferisce a un luogo o a una narrazione specifici, ma a una sensazione, un&#8217;associazione istintiva innescata dal volto stesso. L&#8217;opera si dispiega come una presenza stratificata, dove l&#8217;identit\u00e0 non \u00e8 fissa, ma continuamente plasmata attraverso gesti, colori e una paternit\u00e0 condivisa. <\/p>\n<p class=\"p1\">Quest&#8217;opera fa parte della collezione <i>Tracce di Presenza, <\/i>che riunisce opere di Ilaria Berenice, Paolo Amoretti e pezzi selezionati co-creati, esplorando la presenza umana come un campo di coscienza stratificato e in evoluzione, dove i volti diventano soglie tra il mondo interiore e quello esteriore.<\/p>\n<p class=\"p1\">Questa stampa Fine Art \u00e8 disponibile in un&#8217;edizione limitata di 50 esemplari, firmati e numerati, e realizzata su carta Fine Art di qualit\u00e0 museale utilizzando la tecnologia d&#8217;archivio Gicl\u00e9e per garantire dettagli eccezionali, ricchezza tonale e lunga durata.<\/p>\n<p class=\"p1\">Ogni stampa include un certificato di autenticit\u00e0 firmato a mano ed \u00e8 prodotta da laboratori specializzati in belle arti in Europa e Nord America. Gli ordini vengono evasi dalla sede pi\u00f9 vicina al collezionista per garantire tempi di consegna ottimizzati e un impatto ambientale ridotto. <\/p>\n<p class=\"p1\"><b>Incorniciata:<\/b> cornice in legno minimalista di alta qualit\u00e0 in stile galleria contemporanea, realizzata da un laboratorio specializzato in belle arti.<\/p>\n<p class=\"p1\">\ud83d\udccc <b>Dettagli<\/b><br \/>\n\u2013 Edizione limitata di 50 copie<br \/>\n\u2013 Dimensioni totali: 50 x 50 cm<br \/>\n\u2013 Carta Fine Art certificata (Hahnem\u00fchle German Etching)<br \/>\n\u2013 Stampa Gicl\u00e9e professionale d&#8217;archivio<br \/>\n\u2013 Firmata e numerata<br \/>\n\u2013 Incorniciata e pronta da appendere<br \/>\n\u2013 Certificato di autenticit\u00e0 firmato a mano<br \/>\n\u2013 Nessun dazio doganale per ordini in UE, Regno Unito e USA<br \/>\n\u2013 Spedizione gratuita in tutto il mondo<\/p>\n<p class=\"p1\">Per collezionisti attratti dall&#8217;arte figurativa contemporanea, dalla profondit\u00e0 emotiva e dalla presenza silenziosa.<\/p>\n<p>The original artwork has been acquired by a private collector and is no longer available.<\/p>\n","protected":false},"excerpt":{"rendered":"<p>Stampa Fine Art Gicl\u00e9e in edizione limitata da un dipinto originale di Ilaria Berenice e Paolo Amoretti, incorniciata, firmata e numerata.<br \/>Stampata su carta Hahnem\u00fchle German Etching di qualit\u00e0 museale.<br \/>\nDimensioni 50 \u00d7 50 cm (19,7\u2033 \u00d7 19,7\u2033 pollici), tiratura di 50 esemplari.<\/p>\n","protected":false},"featured_media":5999,"comment_status":"open","ping_status":"closed","template":"","meta":{"_kad_post_transparent":"default","_kad_post_title":"","_kad_post_layout":"default","_kad_post_sidebar_id":"","_kad_post_content_style":"default","_kad_post_vertical_padding":"default","_kad_post_feature":"","_kad_post_feature_position":"","_kad_post_header":false,"_kad_post_footer":false,"_kad_post_classname":""},"product_brand":[59,442],"product_cat":[441],"product_tag":[357,344,342,314],"class_list":{"0":"post-6001","1":"product","2":"type-product","3":"status-publish","4":"has-post-thumbnail","6":"product_brand-ilaria-berenice","7":"product_brand-paolo-amoretti","8":"product_cat-tracce-di-presenza","9":"product_tag-decorazione-murale-di-grande-effetto","10":"product_tag-edizione-limitata-fine-art","11":"product_tag-ilaria-berenice-edizione-limitata","12":"product_tag-pezzo-distintivo","14":"first","15":"instock","16":"sold-individually","17":"taxable","18":"shipping-taxable","19":"purchasable","20":"product-type-variable","21":"has-default-attributes","22":"entry","23":"content-bg","24":"loop-entry"},"_links":{"self":[{"href":"https:\/\/ilariaberenice.art\/it\/wp-json\/wp\/v2\/product\/6001","targetHints":{"allow":["GET"]}}],"collection":[{"href":"https:\/\/ilariaberenice.art\/it\/wp-json\/wp\/v2\/product"}],"about":[{"href":"https:\/\/ilariaberenice.art\/it\/wp-json\/wp\/v2\/types\/product"}],"replies":[{"embeddable":true,"href":"https:\/\/ilariaberenice.art\/it\/wp-json\/wp\/v2\/comments?post=6001"}],"wp:featuredmedia":[{"embeddable":true,"href":"https:\/\/ilariaberenice.art\/it\/wp-json\/wp\/v2\/media\/5999"}],"wp:attachment":[{"href":"https:\/\/ilariaberenice.art\/it\/wp-json\/wp\/v2\/media?parent=6001"}],"wp:term":[{"taxonomy":"product_brand","embeddable":true,"href":"https:\/\/ilariaberenice.art\/it\/wp-json\/wp\/v2\/product_brand?post=6001"},{"taxonomy":"product_cat","embeddable":true,"href":"https:\/\/ilariaberenice.art\/it\/wp-json\/wp\/v2\/product_cat?post=6001"},{"taxonomy":"product_tag","embeddable":true,"href":"https:\/\/ilariaberenice.art\/it\/wp-json\/wp\/v2\/product_tag?post=6001"}],"curies":[{"name":"wp","href":"https:\/\/api.w.org\/{rel}","templated":true}]}}