{"id":5997,"date":"2026-01-27T18:41:37","date_gmt":"2026-01-27T18:41:37","guid":{"rendered":"https:\/\/ilariaberenice.art\/the-legend-of-gavia\/"},"modified":"2026-04-23T19:28:56","modified_gmt":"2026-04-23T19:28:56","slug":"the-legend-of-gavia","status":"publish","type":"product","link":"https:\/\/ilariaberenice.art\/it\/artwork\/the-legend-of-gavia\/","title":{"rendered":"The Legend of Gavia"},"content":{"rendered":"<p><strong>The Legend of Gavia<\/strong> \u00e8 un&#8217;opera suggestiva di Ilaria Berenice, ispirata alla leggenda medievale della principessa Gavia, una storia sospesa tra storia e mito.<\/p>\n<p>Secondo la leggenda, Gavia era una principessa francese promessa sposa dal padre a un nobile. Sfidando il destino, si innamor\u00f2 di un uomo di rango inferiore. I due amanti fuggirono insieme e raggiunsero la zona oggi conosciuta come Gavi, dove si dice che costruirono un castello. Nel corso dei secoli, questa struttura si evolse in quello che oggi \u00e8 il Forte di Gavi, e la citt\u00e0 stessa prese il suo nome in suo onore.<\/p>\n<p>In questo dipinto, la coppia appare come due figure delicatamente velate, che emergono da texture stratificate e toni tenui, come se fossero sospese tra presenza e memoria. Sotto di loro, una visione stilizzata e spigolosa del Forte di Gavi si dispiega in prospettiva, non come un paesaggio letterale, ma come un fondamento emotivo e simbolico.<\/p>\n<p>L&#8217;opera esplora i temi dell&#8217;amore proibito, dell&#8217;esilio e della trasformazione, dove le scelte personali rimodellano il destino e il luogo. Le figure sembrano riecheggiarsi a vicenda, suggerendo intimit\u00e0, resilienza e la silenziosa persistenza dell&#8217;amore al di l\u00e0 del tempo.<\/p>\n<p><strong>The Legend of Gavia<\/strong> invita lo spettatore in uno spazio in cui la leggenda diventa verit\u00e0 interiore, dove la storia si dissolve in emozione e la presenza persiste come un&#8217;eco piuttosto che come una certezza.<\/p>\n<p class=\"p1\">Questa stampa Fine Art \u00e8 disponibile in un&#8217;edizione limitata di 50 esemplari, firmati e numerati, e realizzata su carta Fine Art di qualit\u00e0 museale utilizzando la tecnologia d&#8217;archivio Gicl\u00e9e per garantire dettagli eccezionali, ricchezza tonale e lunga durata.<\/p>\n<p class=\"p1\">Ogni stampa include un certificato di autenticit\u00e0 firmato a mano ed \u00e8 prodotta da laboratori specializzati in belle arti in Europa e Nord America. Gli ordini vengono evasi dalla sede pi\u00f9 vicina al collezionista per garantire tempi di consegna ottimizzati e un impatto ambientale ridotto.<\/p>\n<p class=\"p1\"><b>Incorniciata:<\/b> cornice in legno minimalista di alta qualit\u00e0 in stile galleria contemporanea, realizzata da un laboratorio specializzato in belle arti.<\/p>\n<p class=\"p1\">\ud83d\udccc <b>Dettagli<\/b><br \/>\n\u2013 Edizione limitata di 50 copie<br \/>\n\u2013 Dimensioni totali: 50 x 50 cm<br \/>\n\u2013 Carta Fine Art certificata (Hahnem\u00fchle German Etching)<br \/>\n\u2013 Stampa Gicl\u00e9e professionale d&#8217;archivio<br \/>\n\u2013 Firmata e numerata<br \/>\n\u2013 Incorniciata e pronta da appendere<br \/>\n\u2013 Certificato di autenticit\u00e0 firmato a mano<br \/>\n\u2013 Nessun dazio doganale per ordini in UE, Regno Unito e USA<br \/>\n\u2013 Spedizione gratuita in tutto il mondo<\/p>\n<p class=\"p1\">Per collezionisti attratti dall&#8217;arte figurativa contemporanea, dalla profondit\u00e0 emotiva e dalla presenza silenziosa.<\/p>\n<p>L&#8217;opera originale \u00e8 disponibile (110 x 110 cm). Per qualsiasi informazione, non esitate a contattarci tramite la <a href=\"https:\/\/ilariaberenice.art\/it\/contatta-ilaria-berenice\/\">pagina dei contatti.<\/a><\/p>\n<p>&nbsp;<\/p>\n","protected":false},"excerpt":{"rendered":"<p data-start=\"456\" data-end=\"572\">Stampa Fine Art Gicl\u00e9e in edizione limitata da un dipinto originale di Ilaria Berenice, incorniciata, firmata e numerata.<\/p>\n<p data-start=\"574\" data-end=\"690\">Stampata su carta Hahnem\u00fchle German Etching di qualit\u00e0 museale.<br data-start=\"632\" data-end=\"635\" \/>Dimensioni <strong data-start=\"640\" data-end=\"674\">50 x 50 cm<\/strong>, tiratura di 50 esemplari.<\/p>\n<blockquote data-start=\"751\" data-end=\"822\">\n<p data-start=\"753\" data-end=\"822\">Dalla serie <a href=\"https:\/\/ilariaberenice.art\/it\/tracce-di-presenza\/\">Tracce di Presenza:<\/a> <a href=\"https:\/\/ilariaberenice.art\/it\/tracce-di-presenza\/\">scopri la collezione completa.<\/a><\/p>\n<\/blockquote>\n<hr data-start=\"824\" data-end=\"827\" \/>\n<h3 data-start=\"829\" data-end=\"862\"><\/h3>\n","protected":false},"featured_media":5995,"comment_status":"open","ping_status":"closed","template":"","meta":{"_kad_post_transparent":"default","_kad_post_title":"","_kad_post_layout":"default","_kad_post_sidebar_id":"","_kad_post_content_style":"default","_kad_post_vertical_padding":"default","_kad_post_feature":"","_kad_post_feature_position":"","_kad_post_header":false,"_kad_post_footer":false,"_kad_post_classname":""},"product_brand":[59],"product_cat":[441],"product_tag":[323,366,368,330],"class_list":{"0":"post-5997","1":"product","2":"type-product","3":"status-publish","4":"has-post-thumbnail","6":"product_brand-ilaria-berenice","7":"product_cat-tracce-di-presenza","8":"product_tag-collezionista-darte","9":"product_tag-edizione-limitata-giclee","10":"product_tag-stampa-da-collezione-di-lusso","11":"product_tag-stampa-giclee-in-edizione-da-collezione","13":"first","14":"instock","15":"sold-individually","16":"taxable","17":"shipping-taxable","18":"purchasable","19":"product-type-variable","20":"has-default-attributes","21":"entry","22":"content-bg","23":"loop-entry"},"_links":{"self":[{"href":"https:\/\/ilariaberenice.art\/it\/wp-json\/wp\/v2\/product\/5997","targetHints":{"allow":["GET"]}}],"collection":[{"href":"https:\/\/ilariaberenice.art\/it\/wp-json\/wp\/v2\/product"}],"about":[{"href":"https:\/\/ilariaberenice.art\/it\/wp-json\/wp\/v2\/types\/product"}],"replies":[{"embeddable":true,"href":"https:\/\/ilariaberenice.art\/it\/wp-json\/wp\/v2\/comments?post=5997"}],"wp:featuredmedia":[{"embeddable":true,"href":"https:\/\/ilariaberenice.art\/it\/wp-json\/wp\/v2\/media\/5995"}],"wp:attachment":[{"href":"https:\/\/ilariaberenice.art\/it\/wp-json\/wp\/v2\/media?parent=5997"}],"wp:term":[{"taxonomy":"product_brand","embeddable":true,"href":"https:\/\/ilariaberenice.art\/it\/wp-json\/wp\/v2\/product_brand?post=5997"},{"taxonomy":"product_cat","embeddable":true,"href":"https:\/\/ilariaberenice.art\/it\/wp-json\/wp\/v2\/product_cat?post=5997"},{"taxonomy":"product_tag","embeddable":true,"href":"https:\/\/ilariaberenice.art\/it\/wp-json\/wp\/v2\/product_tag?post=5997"}],"curies":[{"name":"wp","href":"https:\/\/api.w.org\/{rel}","templated":true}]}}