{"id":5973,"date":"2026-01-27T18:48:49","date_gmt":"2026-01-27T18:48:49","guid":{"rendered":"https:\/\/ilariaberenice.art\/st-germain\/"},"modified":"2026-04-13T22:13:11","modified_gmt":"2026-04-13T22:13:11","slug":"st-germain","status":"publish","type":"product","link":"https:\/\/ilariaberenice.art\/it\/artwork\/st-germain\/","title":{"rendered":"St Germain"},"content":{"rendered":"<p><strong>St Germain<\/strong><\/p>\n<p>Creata in collaborazione da Ilaria Berenice e Paolo Amoretti, l&#8217;opera si sviluppa attraverso un&#8217;intuitiva divisione di focus: Ilaria Berenice si \u00e8 concentrata principalmente sull&#8217;emergere del volto, mentre la presenza di Paolo Amoretti \u00e8 fortemente avvertita nella struttura cromatica dello sfondo. L&#8217;uso dei colori primari, in particolare rosso e blu, riflette una fase caratteristica della pittura astratta di Paolo Amoretti, formando un campo vibrante e dinamico attorno alla figura.<\/p>\n<p>Mentre il volto prendeva forma, Ilaria Berenice riconobbe in esso la presenza di Adamus St Germain, una figura archetipica associata alla trasformazione, alla consapevolezza e all&#8217;alchimia interiore. Da questo riconoscimento, il dipinto trasse il suo titolo, divenendo una soglia visiva tra la presenza umana e la consapevolezza simbolica.<\/p>\n<p>La figura appare sospesa in uno spazio carico di colore e gesto, dove astrazione e figurazione coesistono. Strati di pittura si accumulano tra tensione e rilascio, suggerendo una presenza al tempo stesso concreta e trascendente, plasmata attraverso il dialogo, l&#8217;intuizione e una visione condivisa, piuttosto che da ruoli predefiniti.<\/p>\n<p><strong>St Germain<\/strong> incarna l&#8217;essenza della co-creazione come presenza stratificata: un&#8217;opera in cui i singoli gesti rimangono distinti ma inseparabili, contribuendo a un insieme unificato e risonante.<\/p>\n<p>L&#8217;opera originale \u00e8 stata acquisita da un collezionista privato di Milano e non \u00e8 pi\u00f9 disponibile.<\/p>\n<p>Quest&#8217;opera fa parte della collezione <em>Tracce di Presenza, <\/em>che riunisce opere di Ilaria Berenice, Paolo Amoretti e pezzi selezionati co-creati, esplorando la presenza umana come un campo di coscienza stratificato e in evoluzione, dove i volti diventano soglie tra il mondo interiore e quello esteriore.<\/p>\n<p>Questa stampa Fine Art \u00e8 disponibile in un&#8217;edizione limitata di 50 esemplari, firmati e numerati, e realizzata su carta Fine Art di qualit\u00e0 museale utilizzando la tecnologia d&#8217;archivio Gicl\u00e9e per garantire dettagli eccezionali, ricchezza tonale e lunga durata.<\/p>\n<p>Ogni stampa include un certificato di autenticit\u00e0 firmato a mano ed \u00e8 prodotta da laboratori specializzati in belle arti in Europa e Nord America. Gli ordini vengono evasi dalla sede pi\u00f9 vicina al collezionista per garantire tempi di consegna ottimizzati e un impatto ambientale ridotto.<\/p>\n<p>Incorniciata: cornice in legno minimalista di alta qualit\u00e0 in stile galleria contemporanea, realizzata da un laboratorio specializzato in belle arti.<\/p>\n<p>\ud83d\udccc <strong>Dettagli<\/strong><br \/>\n\u2013 Edizione limitata di 50 copie<br \/>\n\u2013 Dimensioni totali: 50 x 50 cm (19,7\u2033 \u00d7 19,7\u2033 pollici)<br \/>\n\u2013 Carta Fine Art certificata (Hahnem\u00fchle German Etching)<br \/>\n\u2013 Stampa Gicl\u00e9e professionale d&#8217;archivio<br \/>\n\u2013 Firmata e numerata<br \/>\n\u2013 Incorniciata e pronta da appendere<br \/>\n\u2013 Certificato di autenticit\u00e0 firmato a mano<br \/>\n\u2013 Nessun dazio doganale per ordini in UE, Regno Unito e USA<br \/>\n\u2013 Spedizione gratuita in tutto il mondo<\/p>\n<p>Per collezionisti attratti dall&#8217;arte figurativa contemporanea, dalla profondit\u00e0 simbolica e dai processi artistici collaborativi.<\/p>\n","protected":false},"excerpt":{"rendered":"<p>Stampa Fine Art Gicl\u00e9e in edizione limitata da un dipinto originale di Ilaria Berenice e Paolo Amoretti, incorniciata, firmata e numerata.<br \/>\nStampata su carta Hahnem\u00fchle German Etching di qualit\u00e0 museale.<br \/>\nDimensioni 50 \u00d7 50 cm (19,7\u2033 \u00d7 19,7\u2033 pollici), tiratura di 50 esemplari.<\/p>\n","protected":false},"featured_media":5971,"comment_status":"open","ping_status":"closed","template":"","meta":{"_kad_post_transparent":"default","_kad_post_title":"","_kad_post_layout":"default","_kad_post_sidebar_id":"","_kad_post_content_style":"default","_kad_post_vertical_padding":"default","_kad_post_feature":"","_kad_post_feature_position":"","_kad_post_header":false,"_kad_post_footer":false,"_kad_post_classname":""},"product_brand":[59,442],"product_cat":[441],"product_tag":[347,345,330,354],"class_list":{"0":"post-5973","1":"product","2":"type-product","3":"status-publish","4":"has-post-thumbnail","6":"product_brand-ilaria-berenice","7":"product_brand-paolo-amoretti","8":"product_cat-tracce-di-presenza","9":"product_tag-espressionismo-moderno","10":"product_tag-ritratto-espressionista","11":"product_tag-stampa-giclee-in-edizione-da-collezione","12":"product_tag-volto-espressionista","14":"first","15":"instock","16":"sold-individually","17":"taxable","18":"shipping-taxable","19":"purchasable","20":"product-type-variable","21":"has-default-attributes","22":"entry","23":"content-bg","24":"loop-entry"},"_links":{"self":[{"href":"https:\/\/ilariaberenice.art\/it\/wp-json\/wp\/v2\/product\/5973","targetHints":{"allow":["GET"]}}],"collection":[{"href":"https:\/\/ilariaberenice.art\/it\/wp-json\/wp\/v2\/product"}],"about":[{"href":"https:\/\/ilariaberenice.art\/it\/wp-json\/wp\/v2\/types\/product"}],"replies":[{"embeddable":true,"href":"https:\/\/ilariaberenice.art\/it\/wp-json\/wp\/v2\/comments?post=5973"}],"wp:featuredmedia":[{"embeddable":true,"href":"https:\/\/ilariaberenice.art\/it\/wp-json\/wp\/v2\/media\/5971"}],"wp:attachment":[{"href":"https:\/\/ilariaberenice.art\/it\/wp-json\/wp\/v2\/media?parent=5973"}],"wp:term":[{"taxonomy":"product_brand","embeddable":true,"href":"https:\/\/ilariaberenice.art\/it\/wp-json\/wp\/v2\/product_brand?post=5973"},{"taxonomy":"product_cat","embeddable":true,"href":"https:\/\/ilariaberenice.art\/it\/wp-json\/wp\/v2\/product_cat?post=5973"},{"taxonomy":"product_tag","embeddable":true,"href":"https:\/\/ilariaberenice.art\/it\/wp-json\/wp\/v2\/product_tag?post=5973"}],"curies":[{"name":"wp","href":"https:\/\/api.w.org\/{rel}","templated":true}]}}