{"id":5969,"date":"2026-01-27T18:49:41","date_gmt":"2026-01-27T18:49:41","guid":{"rendered":"https:\/\/ilariaberenice.art\/starborn\/"},"modified":"2026-04-23T19:11:30","modified_gmt":"2026-04-23T19:11:30","slug":"starborn","status":"publish","type":"product","link":"https:\/\/ilariaberenice.art\/it\/artwork\/starborn\/","title":{"rendered":"Starborn"},"content":{"rendered":"<p><strong>Starborn<\/strong> \u00e8 un&#8217;opera nata dalla trasformazione.<\/p>\n<p>Il dipinto trae origine da una tela incompiuta di Paolo Amoretti, la cui composizione di fondo \u00e8 rimasta come una silenziosa traccia strutturale. Partendo da questa base, Ilaria Berenice ha sviluppato il dipinto interagendo e rispondendo alla composizione sottostante, lasciando che l&#8217;opera emergesse come una presenza stratificata plasmata attraverso il dialogo, la trasformazione e la continuit\u00e0.<\/p>\n<p>Ci\u00f2 che emerge \u00e8 una figura luminosa sospesa tra spazio interiore e cosmico. Il volto appare illuminato dall&#8217;interno, circondato da un profondo campo notturno disseminato di segni che evocano stelle, memoria e la vastit\u00e0 dell&#8217;esperienza interiore. Colore e texture si accumulano a strati, suggerendo sia fragilit\u00e0 che forza: una presenza plasmata attraverso il rinnovamento piuttosto che la cancellazione.<\/p>\n<p>Starborn parla di rinascita: il momento in cui qualcosa di trascurato o abbandonato diventa il terreno per un nuovo significato. L&#8217;opera porta con s\u00e9 il silenzioso ricordo di ci\u00f2 che \u00e8 accaduto prima, pur affermando pienamente la propria voce e identit\u00e0.<\/p>\n<p>L&#8217;opera originale \u00e8 stata acquisita da un collezionista privato in Italia e non \u00e8 pi\u00f9 disponibile.<\/p>\n<p class=\"p1\">Quest&#8217;opera fa parte della collezione <i>Tracce di Presenza, <\/i>che riunisce opere di Ilaria Berenice, Paolo Amoretti e pezzi selezionati co-creati, esplorando la presenza umana come un campo di coscienza stratificato e in evoluzione, dove i volti diventano soglie tra il mondo interiore e quello esteriore.<\/p>\n<p class=\"p1\">Questa stampa Fine Art \u00e8 disponibile in un&#8217;edizione limitata di 50 esemplari, firmati e numerati, e realizzata su carta Fine Art di qualit\u00e0 museale utilizzando la tecnologia d&#8217;archivio Gicl\u00e9e per garantire dettagli eccezionali, ricchezza tonale e lunga durata.<\/p>\n<p class=\"p1\">Ogni stampa include un certificato di autenticit\u00e0 firmato a mano ed \u00e8 prodotta da laboratori specializzati in belle arti in Europa e Nord America. Gli ordini vengono evasi dalla sede pi\u00f9 vicina al collezionista per garantire tempi di consegna ottimizzati e un impatto ambientale ridotto.<\/p>\n<p class=\"p1\"><b>Incorniciata:<\/b> cornice in legno minimalista di alta qualit\u00e0 in stile galleria contemporanea, realizzata da un laboratorio specializzato in belle arti.<\/p>\n<p class=\"p1\">\ud83d\udccc <b>Dettagli<\/b><br \/>\n\u2013 Edizione limitata di 50 copie<br \/>\n\u2013 Dimensioni totali: 70 \u00d7 100 cm (39,4\u2033 \u00d7 27,6\u2033)<br \/>\n\u2013 Carta Fine Art certificata (Hahnem\u00fchle German Etching)<br \/>\n\u2013 Stampa Gicl\u00e9e professionale d&#8217;archivio<br \/>\n\u2013 Firmata e numerata<br \/>\n\u2013 Incorniciata e pronta da appendere<br \/>\n\u2013 Certificato di autenticit\u00e0 firmato a mano<br \/>\n\u2013 Nessun dazio doganale per ordini in UE, Regno Unito e USA<br \/>\n\u2013 Spedizione gratuita in tutto il mondo<\/p>\n<p class=\"p1\">Per collezionisti attratti dall&#8217;arte figurativa contemporanea, dalla profondit\u00e0 emotiva e dalla presenza silenziosa.<\/p>\n","protected":false},"excerpt":{"rendered":"<p>Stampa Fine Art Gicl\u00e9e in edizione limitata da un dipinto originale di Ilaria Berenice e Paolo Amoretti, incorniciata, firmata e numerata.<br \/>\nStampata su carta Hahnem\u00fchle German Etching di qualit\u00e0 museale.<br \/>\nDimensioni 70 \u00d7 100 cm (39,4\u2033 \u00d7 27,6\u2033 pollici), tiratura di 50 esemplari.<\/p>\n","protected":false},"featured_media":5967,"comment_status":"open","ping_status":"closed","template":"","meta":{"_kad_post_transparent":"default","_kad_post_title":"","_kad_post_layout":"default","_kad_post_sidebar_id":"","_kad_post_content_style":"default","_kad_post_vertical_padding":"default","_kad_post_feature":"","_kad_post_feature_position":"","_kad_post_header":false,"_kad_post_footer":false,"_kad_post_classname":""},"product_brand":[59,442],"product_cat":[441],"product_tag":[374,358,342,376],"class_list":{"0":"post-5969","1":"product","2":"type-product","3":"status-publish","4":"has-post-thumbnail","6":"product_brand-ilaria-berenice","7":"product_brand-paolo-amoretti","8":"product_cat-tracce-di-presenza","9":"product_tag-ilaria-berenice","10":"product_tag-ilaria-berenice-art","11":"product_tag-ilaria-berenice-edizione-limitata","12":"product_tag-ilaria-berenice-fine-art","14":"first","15":"instock","16":"sold-individually","17":"taxable","18":"shipping-taxable","19":"purchasable","20":"product-type-variable","21":"has-default-attributes","22":"entry","23":"content-bg","24":"loop-entry"},"_links":{"self":[{"href":"https:\/\/ilariaberenice.art\/it\/wp-json\/wp\/v2\/product\/5969","targetHints":{"allow":["GET"]}}],"collection":[{"href":"https:\/\/ilariaberenice.art\/it\/wp-json\/wp\/v2\/product"}],"about":[{"href":"https:\/\/ilariaberenice.art\/it\/wp-json\/wp\/v2\/types\/product"}],"replies":[{"embeddable":true,"href":"https:\/\/ilariaberenice.art\/it\/wp-json\/wp\/v2\/comments?post=5969"}],"wp:featuredmedia":[{"embeddable":true,"href":"https:\/\/ilariaberenice.art\/it\/wp-json\/wp\/v2\/media\/5967"}],"wp:attachment":[{"href":"https:\/\/ilariaberenice.art\/it\/wp-json\/wp\/v2\/media?parent=5969"}],"wp:term":[{"taxonomy":"product_brand","embeddable":true,"href":"https:\/\/ilariaberenice.art\/it\/wp-json\/wp\/v2\/product_brand?post=5969"},{"taxonomy":"product_cat","embeddable":true,"href":"https:\/\/ilariaberenice.art\/it\/wp-json\/wp\/v2\/product_cat?post=5969"},{"taxonomy":"product_tag","embeddable":true,"href":"https:\/\/ilariaberenice.art\/it\/wp-json\/wp\/v2\/product_tag?post=5969"}],"curies":[{"name":"wp","href":"https:\/\/api.w.org\/{rel}","templated":true}]}}