{"id":5945,"date":"2026-01-27T18:50:48","date_gmt":"2026-01-27T18:50:48","guid":{"rendered":"https:\/\/ilariaberenice.art\/thoughts-in-motion\/"},"modified":"2026-04-23T19:09:01","modified_gmt":"2026-04-23T19:09:01","slug":"thoughts-in-motion","status":"publish","type":"product","link":"https:\/\/ilariaberenice.art\/it\/artwork\/thoughts-in-motion\/","title":{"rendered":"Thoughts in Motion"},"content":{"rendered":"<p><strong>Thoughts in Motion<\/strong> \u00e8 un\u2019opera co-creata nata da un processo pittorico condiviso, guidato dalla mano e dalla visione di Ilaria Berenice, ma anche con l\u2019intervento di Paolo Amoretti.<\/p>\n<p>Il volto si dispiega attraverso campi cromatici audaci e linee fluide e continue, dove il colore diventa movimento e il pensiero prende forma prima di assestarsi in identit\u00e0. Gialli, rossi e blu profondi si intersecano come percorsi neurali, tracciando un paesaggio interiore in continua trasformazione.<\/p>\n<p>Piuttosto che rappresentare un ritratto statico, l&#8217;opera cattura uno stato di divenire, un momento in cui percezione, emozione e intuizione fluiscono simultaneamente. La figura appare al tempo stesso radicata e in espansione, racchiudendo tensione e armonia nello stesso gesto.<\/p>\n<p>Questo pezzo riflette la natura dinamica della presenza: non statica, non definita, ma viva, plasmata dal movimento, dallo scambio e dalla risonanza interiore.<\/p>\n<p class=\"p1\">Quest&#8217;opera fa parte della collezione <i>Tracce di Presenza, <\/i>che riunisce opere di Ilaria Berenice, Paolo Amoretti e pezzi selezionati co-creati, esplorando la presenza umana come un campo di coscienza stratificato e in evoluzione, dove i volti diventano soglie tra il mondo interiore e quello esteriore.<\/p>\n<p class=\"p1\">Questa stampa Fine Art \u00e8 disponibile in un&#8217;edizione limitata di 50 esemplari, firmati e numerati, e realizzata su carta Fine Art di qualit\u00e0 museale utilizzando la tecnologia d&#8217;archivio Gicl\u00e9e per garantire dettagli eccezionali, ricchezza tonale e lunga durata.<\/p>\n<p class=\"p1\">Ogni stampa include un certificato di autenticit\u00e0 firmato a mano ed \u00e8 prodotta da laboratori specializzati in belle arti in Europa e Nord America. Gli ordini vengono evasi dalla sede pi\u00f9 vicina al collezionista per garantire tempi di consegna ottimizzati e un impatto ambientale ridotto.<\/p>\n<p class=\"p1\"><b>Incorniciata:<\/b> cornice in legno minimalista di alta qualit\u00e0 in stile galleria contemporanea, realizzata da un laboratorio specializzato in belle arti.<\/p>\n<p class=\"p1\">\ud83d\udccc <b>Dettagli<\/b><br \/>\n\u2013 Edizione limitata di 50 copie<br \/>\n\u2013 Dimensioni totali: 70 \u00d7 100 cm (39,4\u2033 \u00d7 27,6\u2033)<br \/>\n\u2013 Carta Fine Art certificata (Hahnem\u00fchle German Etching)<br \/>\n\u2013 Stampa Gicl\u00e9e professionale d&#8217;archivio<br \/>\n\u2013 Firmata e numerata<br \/>\n\u2013 Incorniciata e pronta da appendere<br \/>\n\u2013 Certificato di autenticit\u00e0 firmato a mano<br \/>\n\u2013 Nessun dazio doganale per ordini in UE, Regno Unito e USA<br \/>\n\u2013 Spedizione gratuita in tutto il mondo<\/p>\n<p class=\"p1\">Per collezionisti attratti dall&#8217;arte figurativa contemporanea, dalla profondit\u00e0 emotiva e dalla presenza silenziosa.<\/p>\n<p>L&#8217;opera originale \u00e8 disponibile (100 x 70 cm). Per qualsiasi informazione, non esitate a contattarci tramite la <a href=\"https:\/\/ilariaberenice.art\/it\/contatta-ilaria-berenice\/\">pagina dei contatti<\/a>.<\/p>\n","protected":false},"excerpt":{"rendered":"<p>Stampa Fine Art Gicl\u00e9e in edizione limitata da un dipinto originale di Ilaria Berenice e Paolo Amoretti, incorniciata, firmata e numerata.<br \/>\nStampata su carta Hahnem\u00fchle German Etching di qualit\u00e0 museale.<br \/>\nDimensioni 70 \u00d7 100 cm (39,4\u2033 \u00d7 27,6\u2033 pollici), tiratura di 50 esemplari.<\/p>\n","protected":false},"featured_media":5944,"comment_status":"open","ping_status":"closed","template":"","meta":{"_kad_post_transparent":"default","_kad_post_title":"","_kad_post_layout":"default","_kad_post_sidebar_id":"","_kad_post_content_style":"default","_kad_post_vertical_padding":"default","_kad_post_feature":"","_kad_post_feature_position":"","_kad_post_header":false,"_kad_post_footer":false,"_kad_post_classname":""},"product_brand":[59,442],"product_cat":[441],"product_tag":[389,344,342,330],"class_list":{"0":"post-5945","1":"product","2":"type-product","3":"status-publish","4":"has-post-thumbnail","6":"product_brand-ilaria-berenice","7":"product_brand-paolo-amoretti","8":"product_cat-tracce-di-presenza","9":"product_tag-edizione-limitata","10":"product_tag-edizione-limitata-fine-art","11":"product_tag-ilaria-berenice-edizione-limitata","12":"product_tag-stampa-giclee-in-edizione-da-collezione","14":"first","15":"instock","16":"sold-individually","17":"taxable","18":"shipping-taxable","19":"purchasable","20":"product-type-variable","21":"has-default-attributes","22":"entry","23":"content-bg","24":"loop-entry"},"_links":{"self":[{"href":"https:\/\/ilariaberenice.art\/it\/wp-json\/wp\/v2\/product\/5945","targetHints":{"allow":["GET"]}}],"collection":[{"href":"https:\/\/ilariaberenice.art\/it\/wp-json\/wp\/v2\/product"}],"about":[{"href":"https:\/\/ilariaberenice.art\/it\/wp-json\/wp\/v2\/types\/product"}],"replies":[{"embeddable":true,"href":"https:\/\/ilariaberenice.art\/it\/wp-json\/wp\/v2\/comments?post=5945"}],"wp:featuredmedia":[{"embeddable":true,"href":"https:\/\/ilariaberenice.art\/it\/wp-json\/wp\/v2\/media\/5944"}],"wp:attachment":[{"href":"https:\/\/ilariaberenice.art\/it\/wp-json\/wp\/v2\/media?parent=5945"}],"wp:term":[{"taxonomy":"product_brand","embeddable":true,"href":"https:\/\/ilariaberenice.art\/it\/wp-json\/wp\/v2\/product_brand?post=5945"},{"taxonomy":"product_cat","embeddable":true,"href":"https:\/\/ilariaberenice.art\/it\/wp-json\/wp\/v2\/product_cat?post=5945"},{"taxonomy":"product_tag","embeddable":true,"href":"https:\/\/ilariaberenice.art\/it\/wp-json\/wp\/v2\/product_tag?post=5945"}],"curies":[{"name":"wp","href":"https:\/\/api.w.org\/{rel}","templated":true}]}}