{"id":5055,"date":"2025-10-02T11:45:48","date_gmt":"2025-10-02T11:45:48","guid":{"rendered":"https:\/\/ilariaberenice.art\/senza-categoria\/cosmic-core-t-shirt-unisex-in-edizione-limitata\/"},"modified":"2026-04-15T12:21:16","modified_gmt":"2026-04-15T12:21:16","slug":"cosmic-core-t-shirt-unisex-in-edizione-limitata","status":"publish","type":"product","link":"https:\/\/ilariaberenice.art\/it\/artwork\/cosmic-core-t-shirt-unisex-in-edizione-limitata\/","title":{"rendered":"Cosmic Core \u2013 T-shirt unisex in edizione limitata"},"content":{"rendered":"<p>Cosmic Core \u00e8 un pulsare vorticoso nel cuore di tutte le cose: galassie, emozioni, sogni. Questa sfera astratta racchiude l&#8217;energia di una scintilla primordiale, come se l&#8217;universo stesso avesse sussurrato la sua origine in colore e movimento. Una meditazione indossabile sull&#8217;espansione e il ritorno.<\/p>\n<p class=\"p1\">Ogni pennellata trae origine da un dipinto originale, creato attraverso un processo spontaneo e meditativo in cui il subconscio prende forma.<br \/>\nQuesta non \u00e8 solo una maglietta: \u00e8 una scintilla di presenza da indossare.<\/p>\n<p class=\"p1\">Stampata su richiesta con cura, questa t-shirt fa parte di una serie in edizione limitata: solo 50 pezzi disponibili in tutto il mondo. Una volta esaurita, non verr\u00e0 mai pi\u00f9 ristampata come t-shirt.<br \/>\nIndossala come promemoria della tua fiamma interiore.<\/p>\n<p class=\"p1\">Questa t-shirt in edizione limitata \u00e8 pi\u00f9 di un semplice capo d&#8217;abbigliamento: \u00e8 un&#8217;opera d&#8217;arte da indossare. Realizzata in cotone morbido e leggero, con la giusta dose di elasticit\u00e0, coniuga comfort e raffinatezza. Ogni pezzo fa parte di una collezione attentamente curata, pensata per permetterti di portare l&#8217;arte nella vita di tutti i giorni.<\/p>\n<p class=\"p1\">Ogni maglietta di questa edizione limitata aumenta di valore man mano che si avvicina all&#8217;esaurimento. Acquistare oggi significa investire in una piccola opera d&#8217;arte indossabile.<\/p>\n<p class=\"p1\"><b>Technical details:<\/b><b><\/b><\/p>\n<ul class=\"ul1\">\n<li class=\"li1\">100% cotone pettinato e filato ad anello (i colori m\u00e9lange contengono poliestere)<\/li>\n<li class=\"li1\">Peso del tessuto: 4,2 oz\/yd\u00b2 (142 g\/m\u00b2)<\/li>\n<li class=\"li1\">Tessuto prelavato<\/li>\n<li class=\"li1\">Costruzione con cuciture laterali<\/li>\n<li class=\"li1\">Bendaggio spalla a spalla<\/li>\n<li class=\"li1\">Prodotto grezzo proveniente da Nicaragua, Messico, Honduras o Stati Uniti<\/li>\n<\/ul>\n<p>\u2022 Tracciabilit\u00e0:<br \/>\n&#8211; Tessitura: India, Corea del Sud<br \/>\n&#8211; Tintura: El Salvador, California<br \/>\n&#8211; Produzione: Nicaragua, Messico, Honduras o Stati Uniti<br \/>\n\u2022 Contiene 0% poliestere riciclato<br \/>\n\u2022 Contiene 0% sostanze pericolose<\/p>\n<p>Limitazioni di et\u00e0: per adulti<br \/>\nGaranzia UE: 2 anni<\/p>\n<p>In conformit\u00e0 con il Regolamento Generale sulla Sicurezza dei Prodotti (GPSR), Oak Inc. garantisce che tutti i prodotti di consumo offerti siano sicuri e conformi agli standard UE. Per qualsiasi domanda o dubbio relativo alla sicurezza dei prodotti, contattateci all&#8217;indirizzo alex.oak@company.com o scriveteci all&#8217;indirizzo 123 Main Street, Anytown, Country.<br \/>\n<b><\/b><\/p>\n","protected":false},"excerpt":{"rendered":"<p>Un&#8217;opera d&#8217;arte indossabile in edizione limitata: solo 50 pezzi in tutto il mondo. Ogni t-shirt \u00e8 realizzata su richiesta con eccezionale cura e attenzione ai dettagli. Un pezzo senza tempo che aumenta di valore man mano che l&#8217;edizione si esaurisce.<\/p>\n","protected":false},"featured_media":4636,"comment_status":"open","ping_status":"closed","template":"","meta":{"_kad_post_transparent":"default","_kad_post_title":"","_kad_post_layout":"default","_kad_post_sidebar_id":"","_kad_post_content_style":"default","_kad_post_vertical_padding":"default","_kad_post_feature":"","_kad_post_feature_position":"","_kad_post_header":false,"_kad_post_footer":false,"_kad_post_classname":""},"product_brand":[59],"product_cat":[308],"product_tag":[400,396,398,409,407],"class_list":{"0":"post-5055","1":"product","2":"type-product","3":"status-publish","4":"has-post-thumbnail","6":"product_brand-ilaria-berenice","7":"product_cat-flussi-di-coscienza","8":"product_tag-cotone-morbido","9":"product_tag-dipinto-su-maglietta","10":"product_tag-maglietta-premium","11":"product_tag-maglietta-unisex","12":"product_tag-t-shirt","14":"first","15":"instock","16":"taxable","17":"shipping-taxable","18":"purchasable","19":"product-type-variable","20":"entry","21":"content-bg","22":"loop-entry"},"_links":{"self":[{"href":"https:\/\/ilariaberenice.art\/it\/wp-json\/wp\/v2\/product\/5055","targetHints":{"allow":["GET"]}}],"collection":[{"href":"https:\/\/ilariaberenice.art\/it\/wp-json\/wp\/v2\/product"}],"about":[{"href":"https:\/\/ilariaberenice.art\/it\/wp-json\/wp\/v2\/types\/product"}],"replies":[{"embeddable":true,"href":"https:\/\/ilariaberenice.art\/it\/wp-json\/wp\/v2\/comments?post=5055"}],"wp:featuredmedia":[{"embeddable":true,"href":"https:\/\/ilariaberenice.art\/it\/wp-json\/wp\/v2\/media\/4636"}],"wp:attachment":[{"href":"https:\/\/ilariaberenice.art\/it\/wp-json\/wp\/v2\/media?parent=5055"}],"wp:term":[{"taxonomy":"product_brand","embeddable":true,"href":"https:\/\/ilariaberenice.art\/it\/wp-json\/wp\/v2\/product_brand?post=5055"},{"taxonomy":"product_cat","embeddable":true,"href":"https:\/\/ilariaberenice.art\/it\/wp-json\/wp\/v2\/product_cat?post=5055"},{"taxonomy":"product_tag","embeddable":true,"href":"https:\/\/ilariaberenice.art\/it\/wp-json\/wp\/v2\/product_tag?post=5055"}],"curies":[{"name":"wp","href":"https:\/\/api.w.org\/{rel}","templated":true}]}}