{"id":4978,"date":"2025-10-03T11:15:18","date_gmt":"2025-10-03T11:15:18","guid":{"rendered":"https:\/\/ilariaberenice.art\/senza-categoria\/golden-gaze-t-shirt-unisex-in-edizione-limitata\/"},"modified":"2026-04-15T12:16:47","modified_gmt":"2026-04-15T12:16:47","slug":"golden-gaze-t-shirt-unisex-in-edizione-limitata","status":"publish","type":"product","link":"https:\/\/ilariaberenice.art\/it\/artwork\/golden-gaze-t-shirt-unisex-in-edizione-limitata\/","title":{"rendered":"Golden Gaze \u2013 T-shirt unisex in edizione limitata"},"content":{"rendered":"<p>Un volto intenso che cattura lo sguardo e lo riflette con altrettanta forza, Golden Gaze nasce da un&#8217;opera originale di Ilaria Berenice, dove tratti decisi e colori fluidi si intrecciano per creare un&#8217;aura di magnetismo e luce. Le tonalit\u00e0 dorate che scorrono tra i capelli e si fondono con linee astratte diventano simbolo di energia interiore e di uno sguardo che va oltre le apparenze.<\/p>\n<p>Indossare questa t-shirt significa portare con s\u00e9 non solo un&#8217;opera d&#8217;arte, ma anche un frammento di coscienza: un invito a incontrare lo sguardo degli altri con autenticit\u00e0 e forza silenziosa.<br \/>\nOgni pennellata nasce da un dipinto originale, creato attraverso un processo spontaneo e meditativo in cui il subconscio diventa forma. Questa non \u00e8 solo una t-shirt: \u00e8 una scintilla di presenza da indossare.<br \/>\nStampata su richiesta con cura, questa t-shirt fa parte di una serie in edizione limitata: solo 50 pezzi disponibili in tutto il mondo. Una volta esaurita, non verr\u00e0 mai ristampata come t-shirt. Indossala come promemoria della tua fiamma interiore.<\/p>\n<p>Questa t-shirt in edizione limitata \u00e8 pi\u00f9 di un semplice capo d&#8217;abbigliamento: \u00e8 un&#8217;opera d&#8217;arte da indossare. Realizzata in cotone morbido e leggero, con la giusta dose di elasticit\u00e0, coniuga comfort e raffinatezza. Ogni pezzo fa parte di una collezione attentamente curata, pensata per permetterti di portare l&#8217;arte nella vita di tutti i giorni.<br \/>\nOgni t-shirt di questa edizione limitata aumenta di valore man mano che si avvicina all&#8217;esaurimento. Acquistare oggi significa investire in una piccola opera d&#8217;arte indossabile.<\/p>\n<p><strong>Dettagli tecnici:<\/strong><br \/>\n* 100% cotone pettinato e filato ad anello (i colori m\u00e9lange contengono poliestere)<br \/>\n* Peso del tessuto: 142 g\/m\u00b2<br \/>\n* Tessuto prelavato<br \/>\n* Cuciture laterali<br \/>\n* Nastro da spalla a spalla<br \/>\n* Prodotto grezzo proveniente da Nicaragua, Messico, Honduras o Stati Uniti<\/p>\n<p>\u2022 Tracciabilit\u00e0:<br \/>\n&#8211; Tessitura: India, Corea del Sud<br \/>\n&#8211; Tintura: El Salvador, California<br \/>\n&#8211; Produzione: Nicaragua, Messico, Honduras o Stati Uniti<br \/>\n\u2022 Contiene 0% poliestere riciclato<br \/>\n\u2022 Contiene 0% sostanze pericolose<\/p>\n<p>Limitazioni di et\u00e0: per adulti<br \/>\nGaranzia UE: 2 anni<\/p>\n<p>In conformit\u00e0 con il Regolamento Generale sulla Sicurezza dei Prodotti (GPSR), Oak Inc. garantisce che tutti i prodotti di consumo offerti siano sicuri e conformi agli standard UE. Per qualsiasi domanda o dubbio relativo alla sicurezza dei prodotti, contattateci all&#8217;indirizzo alex.oak@company.com o scriveteci all&#8217;indirizzo 123 Main Street, Anytown, Country.<br \/>\n<b><\/b><\/p>\n","protected":false},"excerpt":{"rendered":"<p>Indossare questa t-shirt, Golden Gaze, significa portare con s\u00e9 non solo un&#8217;opera d&#8217;arte, ma anche un frammento di coscienza: un invito a incontrare lo sguardo degli altri con autenticit\u00e0 e forza silenziosa.<br \/>\nQuesta t-shirt unisex fa parte di un&#8217;edizione limitata di soli 50 pezzi in tutto il mondo.<br \/>\nSubito dopo l&#8217;acquisto, riceverai via e-mail un Certificato di Autenticit\u00e0, firmato a mano e numerato per abbinarsi alla tua edizione unica.<\/p>\n","protected":false},"featured_media":4527,"comment_status":"open","ping_status":"closed","template":"","meta":{"_kad_post_transparent":"default","_kad_post_title":"","_kad_post_layout":"default","_kad_post_sidebar_id":"","_kad_post_content_style":"default","_kad_post_vertical_padding":"default","_kad_post_feature":"","_kad_post_feature_position":"","_kad_post_header":false,"_kad_post_footer":false,"_kad_post_classname":""},"product_brand":[59],"product_cat":[309],"product_tag":[380,400,389,313,337],"class_list":{"0":"post-4978","1":"product","2":"type-product","3":"status-publish","4":"has-post-thumbnail","6":"product_brand-ilaria-berenice","7":"product_cat-anime-in-astrazione","8":"product_tag-arte-contemporanea","9":"product_tag-cotone-morbido","10":"product_tag-edizione-limitata","11":"product_tag-edizione-numerata","12":"product_tag-moda-ecosostenibile","14":"first","15":"instock","16":"taxable","17":"shipping-taxable","18":"purchasable","19":"product-type-variable","20":"entry","21":"content-bg","22":"loop-entry"},"_links":{"self":[{"href":"https:\/\/ilariaberenice.art\/it\/wp-json\/wp\/v2\/product\/4978","targetHints":{"allow":["GET"]}}],"collection":[{"href":"https:\/\/ilariaberenice.art\/it\/wp-json\/wp\/v2\/product"}],"about":[{"href":"https:\/\/ilariaberenice.art\/it\/wp-json\/wp\/v2\/types\/product"}],"replies":[{"embeddable":true,"href":"https:\/\/ilariaberenice.art\/it\/wp-json\/wp\/v2\/comments?post=4978"}],"wp:featuredmedia":[{"embeddable":true,"href":"https:\/\/ilariaberenice.art\/it\/wp-json\/wp\/v2\/media\/4527"}],"wp:attachment":[{"href":"https:\/\/ilariaberenice.art\/it\/wp-json\/wp\/v2\/media?parent=4978"}],"wp:term":[{"taxonomy":"product_brand","embeddable":true,"href":"https:\/\/ilariaberenice.art\/it\/wp-json\/wp\/v2\/product_brand?post=4978"},{"taxonomy":"product_cat","embeddable":true,"href":"https:\/\/ilariaberenice.art\/it\/wp-json\/wp\/v2\/product_cat?post=4978"},{"taxonomy":"product_tag","embeddable":true,"href":"https:\/\/ilariaberenice.art\/it\/wp-json\/wp\/v2\/product_tag?post=4978"}],"curies":[{"name":"wp","href":"https:\/\/api.w.org\/{rel}","templated":true}]}}