{"id":4642,"date":"2025-10-01T11:47:03","date_gmt":"2025-10-01T11:47:03","guid":{"rendered":"https:\/\/ilariaberenice.art\/senza-categoria\/eyes-of-winter\/"},"modified":"2026-04-27T17:17:05","modified_gmt":"2026-04-27T17:17:05","slug":"eyes-of-winter","status":"publish","type":"product","link":"https:\/\/ilariaberenice.art\/it\/artwork\/eyes-of-winter\/","title":{"rendered":"Eyes of Winter"},"content":{"rendered":"<p class=\"p1\">&#8220;Eyes of Winter&#8221; cattura lo sguardo penetrante di un gatto delle nevi, una creatura che incarna forza e fragilit\u00e0. I \u200b\u200btoni freddi e i vibranti occhi azzurri evocano un senso di mistero e resilienza, rendendo quest&#8217;opera non solo un ritratto della fauna selvatica, ma uno specchio di profondit\u00e0 interiore e chiarezza. Questa stampa Fine Art diventa una dichiarazione di presenza ed eleganza, infondendo a qualsiasi spazio intensit\u00e0 e potenza silenziosa.  <\/p>\n<p class=\"p1\">L&#8217;opera originale \u00e8 stata venduta e ora fa parte di una prestigiosa collezione privata. Questa stampa Fine Art \u00e8 l&#8217;unico modo per acquisire questa immagine, limitata a 50 edizioni firmate e numerate, stampata su Hahnem\u00fchle German Etching, una carta Fine Art di qualit\u00e0 museale con una superficie testurizzata raffinata e tattile. <\/p>\n<p class=\"p1\">Ogni stampa \u00e8 accompagnata da un certificato di autenticit\u00e0 firmato a mano ed \u00e8 prodotta da laboratori specializzati in belle arti in Europa e Nord America. Le stampe vengono realizzate nella sede pi\u00f9 vicina al collezionista, garantendo tempi di spedizione ottimizzati, un impatto ambientale ridotto e i pi\u00f9 elevati standard di cura durante la consegna.<\/p>\n<p class=\"p1\">Incorniciata: cornice in legno minimalista di alta qualit\u00e0, in stile galleria contemporanea, prodotta da un laboratorio specializzato in belle arti.<\/p>\n<p class=\"p1\">Il valore delle opere cresce progressivamente: ogni stampa venduta fa aumentare il prezzo dell&#8217;edizione successiva, a testimonianza della sua esclusivit\u00e0 e rarit\u00e0 nel tempo.<\/p>\n<p class=\"p1\">\ud83d\udccc <strong>Dettagli<\/strong><br \/>\n\u2013 Edizione limitata di 50 copie totali<br \/>\n\u2013 Dimensioni immagine: 67 x 52 cm (26,3\u2033 \u00d7 20,2\u2033 pollici)<br \/>\n\u2013 Dimensioni totali: 83 x 63 cm (32,4\u2033 \u00d7 24,6\u2033 pollici)<br \/>\n\u2013 Carta Fine Art certificata (Hahnem\u00fchle German Etching), stampa Gicl\u00e9e professionale<br \/>\n\u2013 Firma e numerazione sulla stampa<br \/>\n\u2013 Incorniciata e pronta da appendere<br \/>\n\u2013 Certificato di autenticit\u00e0 firmato a mano<br \/>\n\u2013 Nessun dazio doganale per ordini in UE, Regno Unito e USA<br \/>\n\u2013 Spedizione in tutto il mondo<\/p>\n<p class=\"p1\">Porta luce e profondit\u00e0 nel tuo spazio con un&#8217;opera che parla direttamente all&#8217;anima.<\/p>\n<p class=\"p1\"><b>Formati monumentali disponibili su richiesta per collezionisti e progetti speciali.<\/b><\/p>\n","protected":false},"excerpt":{"rendered":"<p data-start=\"863\" data-end=\"918\"><strong data-start=\"863\" data-end=\"918\">Uno sguardo penetrante che racchiude la quiete dell&#8217;inverno.<\/strong><\/p>\n<p data-start=\"920\" data-end=\"969\">Solo 50 collezionisti in tutto il mondo possiederanno questo pezzo.<\/p>\n<p data-start=\"971\" data-end=\"1040\">Una presenza al contempo distante e intima, dove il silenzio si trasforma in forza.<\/p>\n<p data-start=\"1042\" data-end=\"1151\">Stampa Gicl\u00e9e Fine Art in edizione limitata, firmata e numerata su carta Hahnem\u00fchle German Etching di qualit\u00e0 museale.<\/p>\n<p data-start=\"1153\" data-end=\"1185\">Formato: 60 \u00d7 80 cm (23.6\u2033 \u00d7 31.5\u2033)<\/p>\n<p data-start=\"1187\" data-end=\"1245\">Un&#8217;opera che cattura lo sguardo e lo trattiene in una quieta intensit\u00e0.<\/p>\n","protected":false},"featured_media":4643,"comment_status":"open","ping_status":"closed","template":"","meta":{"_kad_post_transparent":"default","_kad_post_title":"","_kad_post_layout":"default","_kad_post_sidebar_id":"","_kad_post_content_style":"default","_kad_post_vertical_padding":"default","_kad_post_feature":"","_kad_post_feature_position":"","_kad_post_header":false,"_kad_post_footer":false,"_kad_post_classname":""},"product_brand":[],"product_cat":[305],"product_tag":[387,355,332,399,392,377],"class_list":{"0":"post-4642","1":"product","2":"type-product","3":"status-publish","4":"has-post-thumbnail","6":"product_cat-animalia","7":"product_tag-arte-della-fauna-selvatica-in-edizione-limitata","8":"product_tag-occhi-dinverno","9":"product_tag-ritratti-contemporanei-di-animali","10":"product_tag-stampa-artistica-di-gatto-delle-nevi","11":"product_tag-stampe-artistiche-di-lusso","12":"product_tag-stampe-di-ilaria-berenice","14":"first","15":"instock","16":"sold-individually","17":"taxable","18":"shipping-taxable","19":"purchasable","20":"product-type-variable","21":"has-default-attributes","22":"entry","23":"content-bg","24":"loop-entry"},"_links":{"self":[{"href":"https:\/\/ilariaberenice.art\/it\/wp-json\/wp\/v2\/product\/4642","targetHints":{"allow":["GET"]}}],"collection":[{"href":"https:\/\/ilariaberenice.art\/it\/wp-json\/wp\/v2\/product"}],"about":[{"href":"https:\/\/ilariaberenice.art\/it\/wp-json\/wp\/v2\/types\/product"}],"replies":[{"embeddable":true,"href":"https:\/\/ilariaberenice.art\/it\/wp-json\/wp\/v2\/comments?post=4642"}],"wp:featuredmedia":[{"embeddable":true,"href":"https:\/\/ilariaberenice.art\/it\/wp-json\/wp\/v2\/media\/4643"}],"wp:attachment":[{"href":"https:\/\/ilariaberenice.art\/it\/wp-json\/wp\/v2\/media?parent=4642"}],"wp:term":[{"taxonomy":"product_brand","embeddable":true,"href":"https:\/\/ilariaberenice.art\/it\/wp-json\/wp\/v2\/product_brand?post=4642"},{"taxonomy":"product_cat","embeddable":true,"href":"https:\/\/ilariaberenice.art\/it\/wp-json\/wp\/v2\/product_cat?post=4642"},{"taxonomy":"product_tag","embeddable":true,"href":"https:\/\/ilariaberenice.art\/it\/wp-json\/wp\/v2\/product_tag?post=4642"}],"curies":[{"name":"wp","href":"https:\/\/api.w.org\/{rel}","templated":true}]}}