{"id":4617,"date":"2025-10-01T11:44:02","date_gmt":"2025-10-01T11:44:02","guid":{"rendered":"https:\/\/ilariaberenice.art\/senza-categoria\/sovereign-lion\/"},"modified":"2026-04-27T17:18:34","modified_gmt":"2026-04-27T17:18:34","slug":"sovereign-lion","status":"publish","type":"product","link":"https:\/\/ilariaberenice.art\/it\/artwork\/sovereign-lion\/","title":{"rendered":"Sovereign Lion"},"content":{"rendered":"<p class=\"p1\">Sovereign Lion irradia potenza e maestosit\u00e0 attraverso una vibrante fusione di tonalit\u00e0 oro, cremisi e smeraldo. Il leone, simbolo di coraggio e forza interiore, \u00e8 catturato in un momento di dignit\u00e0 senza tempo. Questa stampa Fine Art conferisce una presenza regale e ispiratrice a qualsiasi collezione o spazio abitativo.  <\/p>\n<p>Ogni edizione venduta aumenta il valore della successiva, rafforzandone la rarit\u00e0 nel tempo.<\/p>\n<p class=\"p1\">L&#8217;opera originale \u00e8 stata venduta e ora fa parte di una prestigiosa collezione privata. Questa stampa Fine Art \u00e8 l&#8217;unico modo per acquisire questa immagine, limitata a 50 edizioni firmate e numerate, stampata su Hahnem\u00fchle German Etching, una carta Fine Art di qualit\u00e0 museale con una superficie testurizzata raffinata e tattile. <\/p>\n<p class=\"p1\">Ogni stampa \u00e8 accompagnata da un certificato di autenticit\u00e0 firmato a mano ed \u00e8 prodotta da laboratori specializzati in belle arti in Europa e Nord America. Le stampe vengono realizzate nella sede pi\u00f9 vicina al collezionista, garantendo tempi di spedizione ottimizzati, un impatto ambientale ridotto e i pi\u00f9 elevati standard di cura durante la consegna.<\/p>\n<p class=\"p1\">Incorniciata: cornice in legno minimalista di alta qualit\u00e0, in stile galleria contemporanea, prodotta da un laboratorio specializzato in belle arti.<\/p>\n<p class=\"p1\">\ud83d\udccc<strong> Dettagli<\/strong><br \/>\n\u2013 Edizione limitata di 50 copie totali<br \/>\n\u2013 Dimensioni immagine: 66 x 52 cm (25,7\u2033 \u00d7 20,3\u2033 pollici)<br \/>\n\u2013 Dimensioni totali: 83 x 63 cm (32,4\u2033 \u00d7 24,6\u2033 pollici)<br \/>\n\u2013 Carta Fine Art certificata (Hahnem\u00fchle German Etching), stampa Gicl\u00e9e professionale<br \/>\n\u2013 Firma e numerazione sulla stampa<br \/>\n\u2013 Incorniciata e pronta da appendere<br \/>\n\u2013 Certificato di autenticit\u00e0 firmato a mano<br \/>\n\u2013 Nessun dazio doganale per ordini in UE, Regno Unito e USA<br \/>\n\u2013 Spedizione in tutto il mondo<\/p>\n<p class=\"p1\">Porta luce e profondit\u00e0 nel tuo spazio con un&#8217;opera che parla direttamente all&#8217;anima.<\/p>\n<p class=\"p1\"><b>Formati monumentali disponibili su richiesta per collezionisti e progetti speciali.<\/b><b><\/b><\/p>\n","protected":false},"excerpt":{"rendered":"<p data-start=\"891\" data-end=\"952\"><strong>Una presenza di forza e di discreta potenza all&#8217;interno del tuo spazio.<\/strong><\/p>\n<p data-start=\"954\" data-end=\"1003\">Solo 50 collezionisti in tutto il mondo possiederanno questo pezzo.<\/p>\n<p data-start=\"1005\" data-end=\"1123\">Stampa Gicl\u00e9e Fine Art in edizione limitata, firmata e numerata, stampata su carta Hahnem\u00fchle German Etching di qualit\u00e0 museale.<\/p>\n<p data-start=\"1125\" data-end=\"1175\">Size 80 x 60 cm (31,5\u2033 \u00d7 23,6\u2033 in), edition of 50.<\/p>\n<p data-start=\"1177\" data-end=\"1214\">Un oggetto scelto per vivere nel tuo spazio.<\/p>\n","protected":false},"featured_media":4618,"comment_status":"open","ping_status":"closed","template":"","meta":{"_kad_post_transparent":"","_kad_post_title":"","_kad_post_layout":"","_kad_post_sidebar_id":"","_kad_post_content_style":"","_kad_post_vertical_padding":"","_kad_post_feature":"","_kad_post_feature_position":"","_kad_post_header":false,"_kad_post_footer":false,"_kad_post_classname":""},"product_brand":[59],"product_cat":[305],"product_tag":[393,385,391,377],"class_list":{"0":"post-4617","1":"product","2":"type-product","3":"status-publish","4":"has-post-thumbnail","6":"product_brand-ilaria-berenice","7":"product_cat-animalia","8":"product_tag-maestosa-arte-della-fauna-selvatica","9":"product_tag-opera-darte-del-leone-in-edizione-limitata","10":"product_tag-stampa-artistica-di-leone","11":"product_tag-stampe-di-ilaria-berenice","13":"first","14":"instock","15":"sold-individually","16":"taxable","17":"shipping-taxable","18":"purchasable","19":"product-type-variable","20":"has-default-attributes","21":"entry","22":"content-bg","23":"loop-entry"},"_links":{"self":[{"href":"https:\/\/ilariaberenice.art\/it\/wp-json\/wp\/v2\/product\/4617","targetHints":{"allow":["GET"]}}],"collection":[{"href":"https:\/\/ilariaberenice.art\/it\/wp-json\/wp\/v2\/product"}],"about":[{"href":"https:\/\/ilariaberenice.art\/it\/wp-json\/wp\/v2\/types\/product"}],"replies":[{"embeddable":true,"href":"https:\/\/ilariaberenice.art\/it\/wp-json\/wp\/v2\/comments?post=4617"}],"wp:featuredmedia":[{"embeddable":true,"href":"https:\/\/ilariaberenice.art\/it\/wp-json\/wp\/v2\/media\/4618"}],"wp:attachment":[{"href":"https:\/\/ilariaberenice.art\/it\/wp-json\/wp\/v2\/media?parent=4617"}],"wp:term":[{"taxonomy":"product_brand","embeddable":true,"href":"https:\/\/ilariaberenice.art\/it\/wp-json\/wp\/v2\/product_brand?post=4617"},{"taxonomy":"product_cat","embeddable":true,"href":"https:\/\/ilariaberenice.art\/it\/wp-json\/wp\/v2\/product_cat?post=4617"},{"taxonomy":"product_tag","embeddable":true,"href":"https:\/\/ilariaberenice.art\/it\/wp-json\/wp\/v2\/product_tag?post=4617"}],"curies":[{"name":"wp","href":"https:\/\/api.w.org\/{rel}","templated":true}]}}