{"id":4586,"date":"2025-10-01T11:42:32","date_gmt":"2025-10-01T11:42:32","guid":{"rendered":"https:\/\/ilariaberenice.art\/senza-categoria\/red-lion\/"},"modified":"2026-04-27T17:19:20","modified_gmt":"2026-04-27T17:19:20","slug":"red-lion","status":"publish","type":"product","link":"https:\/\/ilariaberenice.art\/it\/artwork\/red-lion\/","title":{"rendered":"Red Lion"},"content":{"rendered":"<p class=\"p1\">Red Lion irradia forza pura e presenza ardente. Ricco di vivaci toni rossi, arancioni e dorati, questo ritratto trasforma il leone in un simbolo di passione, coraggio e fuoco interiore. Un&#8217;opera che cattura non solo l&#8217;immagine di un leone, ma la sua essenza viva e pulsante.  <i><\/i><\/p>\n<p class=\"p1\">L&#8217;opera originale \u00e8 stata venduta e ora fa parte di una prestigiosa collezione privata. Questa stampa Fine Art \u00e8 l&#8217;unico modo per acquisire questa immagine, limitata a 50 edizioni firmate e numerate, stampata su Hahnem\u00fchle German Etching, una carta Fine Art di qualit\u00e0 museale con una superficie testurizzata raffinata e tattile. <\/p>\n<p class=\"p1\">Ogni stampa \u00e8 accompagnata da un certificato di autenticit\u00e0 firmato a mano ed \u00e8 prodotta da laboratori specializzati in belle arti in Europa e Nord America. Le stampe vengono realizzate nella sede pi\u00f9 vicina al collezionista, garantendo tempi di spedizione ottimizzati, un impatto ambientale ridotto e i pi\u00f9 elevati standard di cura durante la consegna.<\/p>\n<p class=\"p1\">Incorniciata: cornice in legno minimalista di alta qualit\u00e0, in stile galleria contemporanea, prodotta da un laboratorio specializzato in belle arti.<\/p>\n<p class=\"p1\">Il valore delle opere cresce progressivamente: ogni stampa venduta fa aumentare il prezzo dell&#8217;edizione successiva, a testimonianza della sua esclusivit\u00e0 e rarit\u00e0 nel tempo.<\/p>\n<p class=\"p1\">\ud83d\udccc Details<br \/>\n\u2013 Limited edition of 50 total copies<br \/>\n\u2013 Image size: 59 \u00d7 51 cm (23,2\u2033 \u00d7 19,9\u2033 in)<br \/>\n\u2013 Total size: 83 x 63 cm (32,4\u2033 \u00d7 24,6\u2033 in)<br \/>\n\u2013 Certified Fine Art paper (Hahnem\u00fchle German Etching), professional Gicl\u00e9e print<br \/>\n\u2013 Signature and numbering on the print<br \/>\n\u2013 Framed and ready to hang<br \/>\n\u2013 Hand-signed certificate of authenticity<br \/>\n\u2013 No customs duties for EU, UK &amp; USA orders<br \/>\n\u2013 Worldwide shipping<\/p>\n<p class=\"p1\">Porta luce e profondit\u00e0 nel tuo spazio con un&#8217;opera che parla direttamente all&#8217;anima.<\/p>\n<p class=\"p1\"><b>Formati monumentali disponibili su richiesta per collezionisti e progetti speciali.<\/b><\/p>\n","protected":false},"excerpt":{"rendered":"<p data-start=\"667\" data-end=\"708\"><strong data-start=\"667\" data-end=\"708\">Un&#8217;esplosione di energia pura e fuoco interiore.<\/strong><\/p>\n<p data-start=\"710\" data-end=\"759\">Solo 50 collezionisti in tutto il mondo possiederanno questo pezzo.<\/p>\n<p data-start=\"761\" data-end=\"827\">Una presenza che irradia intensit\u00e0, passione e forza indomita.<\/p>\n<p data-start=\"829\" data-end=\"938\">Stampa Gicl\u00e9e Fine Art in edizione limitata, firmata e numerata su carta Hahnem\u00fchle German Etching di qualit\u00e0 museale.<\/p>\n<p data-start=\"940\" data-end=\"972\">Formato: 80 \u00d7 60 cm (31.5\u2033 \u00d7 23.6\u2033)<\/p>\n<p data-start=\"974\" data-end=\"1016\">Un&#8217;opera che illumina lo spazio che occupa.<\/p>\n","protected":false},"featured_media":4587,"comment_status":"open","ping_status":"closed","template":"","meta":{"_kad_post_transparent":"","_kad_post_title":"","_kad_post_layout":"","_kad_post_sidebar_id":"","_kad_post_content_style":"","_kad_post_vertical_padding":"","_kad_post_feature":"","_kad_post_feature_position":"","_kad_post_header":false,"_kad_post_footer":false,"_kad_post_classname":""},"product_brand":[59],"product_cat":[305],"product_tag":[380,334,342,397,322],"class_list":{"0":"post-4586","1":"product","2":"type-product","3":"status-publish","4":"has-post-thumbnail","6":"product_brand-ilaria-berenice","7":"product_cat-animalia","8":"product_tag-arte-contemporanea","9":"product_tag-arte-contemporanea-della-fauna-selvatica","10":"product_tag-ilaria-berenice-edizione-limitata","11":"product_tag-potente-arte-del-leone","12":"product_tag-stampa-di-ritratto-di-animali","14":"first","15":"instock","16":"sold-individually","17":"taxable","18":"shipping-taxable","19":"purchasable","20":"product-type-variable","21":"has-default-attributes","22":"entry","23":"content-bg","24":"loop-entry"},"_links":{"self":[{"href":"https:\/\/ilariaberenice.art\/it\/wp-json\/wp\/v2\/product\/4586","targetHints":{"allow":["GET"]}}],"collection":[{"href":"https:\/\/ilariaberenice.art\/it\/wp-json\/wp\/v2\/product"}],"about":[{"href":"https:\/\/ilariaberenice.art\/it\/wp-json\/wp\/v2\/types\/product"}],"replies":[{"embeddable":true,"href":"https:\/\/ilariaberenice.art\/it\/wp-json\/wp\/v2\/comments?post=4586"}],"wp:featuredmedia":[{"embeddable":true,"href":"https:\/\/ilariaberenice.art\/it\/wp-json\/wp\/v2\/media\/4587"}],"wp:attachment":[{"href":"https:\/\/ilariaberenice.art\/it\/wp-json\/wp\/v2\/media?parent=4586"}],"wp:term":[{"taxonomy":"product_brand","embeddable":true,"href":"https:\/\/ilariaberenice.art\/it\/wp-json\/wp\/v2\/product_brand?post=4586"},{"taxonomy":"product_cat","embeddable":true,"href":"https:\/\/ilariaberenice.art\/it\/wp-json\/wp\/v2\/product_cat?post=4586"},{"taxonomy":"product_tag","embeddable":true,"href":"https:\/\/ilariaberenice.art\/it\/wp-json\/wp\/v2\/product_tag?post=4586"}],"curies":[{"name":"wp","href":"https:\/\/api.w.org\/{rel}","templated":true}]}}