{"id":4528,"date":"2025-09-30T11:22:17","date_gmt":"2025-09-30T11:22:17","guid":{"rendered":"https:\/\/ilariaberenice.art\/senza-categoria\/whispers-of-the-forest\/"},"modified":"2026-02-10T15:43:37","modified_gmt":"2026-02-10T15:43:37","slug":"whispers-of-the-forest","status":"publish","type":"product","link":"https:\/\/ilariaberenice.art\/it\/artwork\/whispers-of-the-forest\/","title":{"rendered":"Whispers of the Forest"},"content":{"rendered":"<p data-start=\"260\" data-end=\"573\"><strong data-start=\"260\" data-end=\"286\">&#8220;Whispers of the Forest<\/strong>&#8221; \u00e8 un ritratto astratto in cui il volto umano emerge da profonde tonalit\u00e0 di verde e blu, come una voce segreta che si leva da boschi antichi. I tratti materici evocano mistero e introspezione, invitando l&#8217;osservatore a un dialogo intimo con le forze invisibili della natura e della memoria. <\/p>\n<p data-start=\"575\" data-end=\"739\">Nata da un processo creativo intuitivo, quest\u2019opera riflette lo stile distintivo di Ilaria Berenice, in cui materia, spirito e immaginazione convergono in un\u2019unica visione.<\/p>\n<p class=\"p1\">L&#8217;opera originale \u00e8 stata venduta e ora fa parte di una prestigiosa collezione privata. Questa stampa Fine Art \u00e8 limitata a 50 edizioni firmate e numerate, stampate su Hahnem\u00fchle German Etching, una carta Fine Art di qualit\u00e0 museale con una superficie testurizzata raffinata e tattile. <\/p>\n<p class=\"p1\">Ogni stampa \u00e8 accompagnata da un certificato di autenticit\u00e0 firmato a mano ed \u00e8 prodotta da laboratori specializzati in belle arti in Europa e Nord America. Le stampe vengono realizzate nella sede pi\u00f9 vicina al collezionista, garantendo tempi di spedizione ottimizzati, un impatto ambientale ridotto e i pi\u00f9 elevati standard di cura durante la consegna.<\/p>\n<p class=\"p1\">Incorniciata: cornice in legno minimalista di alta qualit\u00e0, in stile galleria contemporanea, prodotta da un laboratorio specializzato in belle arti.<\/p>\n<p class=\"p1\">Il valore delle opere cresce progressivamente: ogni stampa venduta fa aumentare il prezzo dell&#8217;edizione successiva, a testimonianza della sua esclusivit\u00e0 e rarit\u00e0 nel tempo.<\/p>\n<p class=\"p1\">\ud83d\udccc Dettagli<br \/>\n\u2013 Edizione limitata di 50 copie totali<br \/>\n\u2013 Dimensioni: 70 x 100 cm<br \/>\n\u2013 Carta Fine Art certificata (Hahnem\u00fchle German Etching), stampa Gicl\u00e9e professionale<br \/>\n\u2013 Firma e numerazione sulla stampa<br \/>\n\u2013 Incorniciata e pronta da appendere<br \/>\n\u2013 Certificato di autenticit\u00e0 firmato a mano<br \/>\n\u2013 Nessun dazio doganale per ordini in UE, Regno Unito e USA<br \/>\n\u2013 Spedizione in tutto il mondo<\/p>\n<p class=\"p1\">Porta luce e profondit\u00e0 nel tuo spazio con un&#8217;opera che parla direttamente all&#8217;anima.<\/p>\n<p class=\"p1\"><b>Formati monumentali disponibili su richiesta per collezionisti e progetti speciali.<\/b><\/p>\n","protected":false},"excerpt":{"rendered":"<p class=\"p1\">Stampa Fine Art Gicl\u00e9e in edizione limitata, firmata e numerata, stampata su carta Hahnem\u00fchle German Etching di qualit\u00e0 museale. Dimensioni 70 x 100 cm, 39,4\u2033 \u00d7 27,6\u2033 pollici, tiratura di 50 esemplari. <\/p>\n","protected":false},"featured_media":4529,"comment_status":"open","ping_status":"closed","template":"","meta":{"_kad_post_transparent":"","_kad_post_title":"","_kad_post_layout":"","_kad_post_sidebar_id":"","_kad_post_content_style":"","_kad_post_vertical_padding":"","_kad_post_feature":"","_kad_post_feature_position":"","_kad_post_header":false,"_kad_post_footer":false,"_kad_post_classname":""},"product_brand":[59],"product_cat":[304],"product_tag":[341,357,314],"class_list":{"0":"post-4528","1":"product","2":"type-product","3":"status-publish","4":"has-post-thumbnail","6":"product_brand-ilaria-berenice","7":"product_cat-volti-astratti","8":"product_tag-belle-arti-di-grande-formato","9":"product_tag-decorazione-murale-di-grande-effetto","10":"product_tag-pezzo-distintivo","12":"first","13":"instock","14":"sold-individually","15":"taxable","16":"shipping-taxable","17":"purchasable","18":"product-type-variable","19":"has-default-attributes","20":"entry","21":"content-bg","22":"loop-entry"},"_links":{"self":[{"href":"https:\/\/ilariaberenice.art\/it\/wp-json\/wp\/v2\/product\/4528","targetHints":{"allow":["GET"]}}],"collection":[{"href":"https:\/\/ilariaberenice.art\/it\/wp-json\/wp\/v2\/product"}],"about":[{"href":"https:\/\/ilariaberenice.art\/it\/wp-json\/wp\/v2\/types\/product"}],"replies":[{"embeddable":true,"href":"https:\/\/ilariaberenice.art\/it\/wp-json\/wp\/v2\/comments?post=4528"}],"wp:featuredmedia":[{"embeddable":true,"href":"https:\/\/ilariaberenice.art\/it\/wp-json\/wp\/v2\/media\/4529"}],"wp:attachment":[{"href":"https:\/\/ilariaberenice.art\/it\/wp-json\/wp\/v2\/media?parent=4528"}],"wp:term":[{"taxonomy":"product_brand","embeddable":true,"href":"https:\/\/ilariaberenice.art\/it\/wp-json\/wp\/v2\/product_brand?post=4528"},{"taxonomy":"product_cat","embeddable":true,"href":"https:\/\/ilariaberenice.art\/it\/wp-json\/wp\/v2\/product_cat?post=4528"},{"taxonomy":"product_tag","embeddable":true,"href":"https:\/\/ilariaberenice.art\/it\/wp-json\/wp\/v2\/product_tag?post=4528"}],"curies":[{"name":"wp","href":"https:\/\/api.w.org\/{rel}","templated":true}]}}