{"id":4502,"date":"2025-09-30T11:21:33","date_gmt":"2025-09-30T11:21:33","guid":{"rendered":"https:\/\/ilariaberenice.art\/senza-categoria\/screaming-face\/"},"modified":"2026-02-10T15:44:38","modified_gmt":"2026-02-10T15:44:38","slug":"screaming-face","status":"publish","type":"product","link":"https:\/\/ilariaberenice.art\/it\/artwork\/screaming-face\/","title":{"rendered":"Screaming Face"},"content":{"rendered":"<p><strong data-end=\"214\" data-start=\"196\">Screaming Face<\/strong> \u00e8 un ritratto astratto che cattura l&#8217;intensit\u00e0 cruda di un urlo primordiale. Creato con grafite idrosolubile, l&#8217;opera combina tratti netti ed espressivi con lavaggi fluidi, evocando sia vulnerabilit\u00e0 che forza.<br data-end=\"435\" data-start=\"432\">L&#8217;interazione dinamica tra ombre scure e texture morbide d\u00e0 vita alla figura, trasformando un fugace momento di liberazione emotiva in un simbolo universale di catarsi e liberazione interiore. <\/p>\n<p class=\"p1\">L&#8217;opera originale \u00e8 stata venduta e ora fa parte di una prestigiosa collezione privata. Questa stampa Fine Art \u00e8 limitata a 50 edizioni firmate e numerate, stampate su Hahnem\u00fchle German Etching, una carta Fine Art di qualit\u00e0 museale con una superficie testurizzata raffinata e tattile. <\/p>\n<p class=\"p1\">Ogni stampa \u00e8 accompagnata da un certificato di autenticit\u00e0 firmato a mano ed \u00e8 prodotta da laboratori specializzati in belle arti in Europa e Nord America. Le stampe vengono realizzate nella sede pi\u00f9 vicina al collezionista, garantendo tempi di spedizione ottimizzati, un impatto ambientale ridotto e i pi\u00f9 elevati standard di cura durante la consegna.<\/p>\n<p class=\"p1\">Incorniciata: cornice in legno minimalista di alta qualit\u00e0, in stile galleria contemporanea, prodotta da un laboratorio specializzato in belle arti.<\/p>\n<p class=\"p1\">Il valore delle opere cresce progressivamente: ogni stampa venduta fa aumentare il prezzo dell&#8217;edizione successiva, a testimonianza della sua esclusivit\u00e0 e rarit\u00e0 nel tempo.<\/p>\n<p class=\"p1\">\ud83d\udccc <b>Dettagli<\/b><br \/>\n\u2013 Edizione limitata di 50 copie totali<br \/>\n\u2013 Dimensioni: 60 x 80 cm, 23,6\u2033 \u00d7 31,5\u2033<br \/>\n\u2013 Carta Fine Art certificata (Hahnem\u00fchle German Etching), stampa Gicl\u00e9e professionale<br \/>\n\u2013 Firma e numerazione sulla stampa<br \/>\n\u2013 Incorniciato e pronto da appendere<br \/>\n\u2013 Certificato di autenticit\u00e0 firmato a mano<br \/>\n\u2013 Nessun dazio doganale per ordini da UE, Regno Unito e USA<br \/>\n\u2013 Spedizione in tutto il mondo<\/p>\n<p class=\"p1\">Porta luce e profondit\u00e0 nel tuo spazio con un&#8217;opera che parla direttamente all&#8217;anima.<\/p>\n<p class=\"p1\"><b>Formati monumentali disponibili su richiesta per collezionisti e progetti speciali.<\/b><\/p>\n<p class=\"p2\">\n","protected":false},"excerpt":{"rendered":"<p class=\"p1\">Stampa Fine Art Gicl\u00e9e in edizione limitata, incorniciata, firmata e numerata, stampata su carta Hahnem\u00fchle German Etching di qualit\u00e0 museale. Dimensioni 60 x 80 cm, 23,6\u2033 \u00d7 31,5\u2033 pollici, tiratura di 50 esemplari. <\/p>\n","protected":false},"featured_media":4503,"comment_status":"open","ping_status":"closed","template":"","meta":{"_kad_post_transparent":"","_kad_post_title":"","_kad_post_layout":"","_kad_post_sidebar_id":"","_kad_post_content_style":"","_kad_post_vertical_padding":"","_kad_post_feature":"","_kad_post_feature_position":"","_kad_post_header":false,"_kad_post_footer":false,"_kad_post_classname":""},"product_brand":[59],"product_cat":[304],"product_tag":[312,367,351,353],"class_list":{"0":"post-4502","1":"product","2":"type-product","3":"status-publish","4":"has-post-thumbnail","6":"product_brand-ilaria-berenice","7":"product_cat-volti-astratti","8":"product_tag-arte-murale-di-lusso","9":"product_tag-belle-arti-minimaliste","10":"product_tag-grande-ritratto-artistico-da-parete","11":"product_tag-opera-darte-emozionale","13":"first","14":"instock","15":"sold-individually","16":"taxable","17":"shipping-taxable","18":"purchasable","19":"product-type-variable","20":"has-default-attributes","21":"entry","22":"content-bg","23":"loop-entry"},"_links":{"self":[{"href":"https:\/\/ilariaberenice.art\/it\/wp-json\/wp\/v2\/product\/4502","targetHints":{"allow":["GET"]}}],"collection":[{"href":"https:\/\/ilariaberenice.art\/it\/wp-json\/wp\/v2\/product"}],"about":[{"href":"https:\/\/ilariaberenice.art\/it\/wp-json\/wp\/v2\/types\/product"}],"replies":[{"embeddable":true,"href":"https:\/\/ilariaberenice.art\/it\/wp-json\/wp\/v2\/comments?post=4502"}],"wp:featuredmedia":[{"embeddable":true,"href":"https:\/\/ilariaberenice.art\/it\/wp-json\/wp\/v2\/media\/4503"}],"wp:attachment":[{"href":"https:\/\/ilariaberenice.art\/it\/wp-json\/wp\/v2\/media?parent=4502"}],"wp:term":[{"taxonomy":"product_brand","embeddable":true,"href":"https:\/\/ilariaberenice.art\/it\/wp-json\/wp\/v2\/product_brand?post=4502"},{"taxonomy":"product_cat","embeddable":true,"href":"https:\/\/ilariaberenice.art\/it\/wp-json\/wp\/v2\/product_cat?post=4502"},{"taxonomy":"product_tag","embeddable":true,"href":"https:\/\/ilariaberenice.art\/it\/wp-json\/wp\/v2\/product_tag?post=4502"}],"curies":[{"name":"wp","href":"https:\/\/api.w.org\/{rel}","templated":true}]}}