{"id":6119,"date":"2026-03-07T15:28:07","date_gmt":"2026-03-07T15:28:07","guid":{"rendered":"https:\/\/ilariaberenice.art\/unisciti-alla-lista-dei-collezionisti\/"},"modified":"2026-04-26T16:53:12","modified_gmt":"2026-04-26T16:53:12","slug":"circolo-dei-collezionisti","status":"publish","type":"page","link":"https:\/\/ilariaberenice.art\/it\/circolo-dei-collezionisti\/","title":{"rendered":"Circolo dei collezionisti"},"content":{"rendered":"<style>.wp-block-kadence-advancedheading.kt-adv-heading6119_3fc4aa-da, .wp-block-kadence-advancedheading.kt-adv-heading6119_3fc4aa-da[data-kb-block=\"kb-adv-heading6119_3fc4aa-da\"]{text-align:center;font-style:normal;}.wp-block-kadence-advancedheading.kt-adv-heading6119_3fc4aa-da mark.kt-highlight, .wp-block-kadence-advancedheading.kt-adv-heading6119_3fc4aa-da[data-kb-block=\"kb-adv-heading6119_3fc4aa-da\"] mark.kt-highlight{font-style:normal;color:#f76a0c;-webkit-box-decoration-break:clone;box-decoration-break:clone;padding-top:0px;padding-right:0px;padding-bottom:0px;padding-left:0px;}.wp-block-kadence-advancedheading.kt-adv-heading6119_3fc4aa-da img.kb-inline-image, .wp-block-kadence-advancedheading.kt-adv-heading6119_3fc4aa-da[data-kb-block=\"kb-adv-heading6119_3fc4aa-da\"] img.kb-inline-image{width:150px;vertical-align:baseline;}<\/style>\n<h1 class=\"kt-adv-heading6119_3fc4aa-da wp-block-kadence-advancedheading\" data-kb-block=\"kb-adv-heading6119_3fc4aa-da\">Unisciti al Circolo dei Collezionisti<\/h1>\n\n\n<style>.wp-block-kadence-advancedheading.kt-adv-heading6119_ed0ae2-ee, .wp-block-kadence-advancedheading.kt-adv-heading6119_ed0ae2-ee[data-kb-block=\"kb-adv-heading6119_ed0ae2-ee\"]{text-align:center;font-style:normal;}.wp-block-kadence-advancedheading.kt-adv-heading6119_ed0ae2-ee mark.kt-highlight, .wp-block-kadence-advancedheading.kt-adv-heading6119_ed0ae2-ee[data-kb-block=\"kb-adv-heading6119_ed0ae2-ee\"] mark.kt-highlight{font-style:normal;color:#f76a0c;-webkit-box-decoration-break:clone;box-decoration-break:clone;padding-top:0px;padding-right:0px;padding-bottom:0px;padding-left:0px;}.wp-block-kadence-advancedheading.kt-adv-heading6119_ed0ae2-ee img.kb-inline-image, .wp-block-kadence-advancedheading.kt-adv-heading6119_ed0ae2-ee[data-kb-block=\"kb-adv-heading6119_ed0ae2-ee\"] img.kb-inline-image{width:150px;vertical-align:baseline;}<\/style>\n<p class=\"kt-adv-heading6119_ed0ae2-ee wp-block-kadence-advancedheading\" data-kb-block=\"kb-adv-heading6119_ed0ae2-ee\"><br>Ci sono opere che vengono semplicemente viste.<br>E altre che restano.<br>Il Collector Circle \u00e8 uno spazio tranquillo per coloro che sentono che qualcosa resta \u2013<br>e desiderano seguirne l&#8217;evoluzione nel tempo.<br>Ma soprattutto, \u00e8 il luogo in cui l&#8217;opera diventa accessibile <strong>prima di scomparire nelle collezioni private.<\/strong><\/p>\n\n\n<style>.kb-row-layout-id6119_8d9d55-b5 > .kt-row-column-wrap{align-content:start;}:where(.kb-row-layout-id6119_8d9d55-b5 > .kt-row-column-wrap) > .wp-block-kadence-column{justify-content:start;}.kb-row-layout-id6119_8d9d55-b5 > .kt-row-column-wrap{column-gap:var(--global-kb-gap-md, 2rem);row-gap:var(--global-kb-gap-md, 2rem);padding-top:var(--global-kb-spacing-sm, 1.5rem);padding-bottom:var(--global-kb-spacing-sm, 1.5rem);}.kb-row-layout-id6119_8d9d55-b5 > .kt-row-column-wrap > div:not(.added-for-specificity){grid-column:initial;}.kb-row-layout-id6119_8d9d55-b5 > .kt-row-column-wrap{grid-template-columns:minmax(0, 1fr) minmax(0, 2fr) minmax(0, 1fr);}.kb-row-layout-id6119_8d9d55-b5 > .kt-row-layout-overlay{opacity:0.30;}@media all and (max-width: 1024px){.kb-row-layout-id6119_8d9d55-b5 > .kt-row-column-wrap > div:not(.added-for-specificity){grid-column:initial;}}@media all and (max-width: 1024px){.kb-row-layout-id6119_8d9d55-b5 > .kt-row-column-wrap{grid-template-columns:minmax(0, 1fr) minmax(0, 2fr) minmax(0, 1fr);}}@media all and (max-width: 767px){.kb-row-layout-id6119_8d9d55-b5 > .kt-row-column-wrap > div:not(.added-for-specificity){grid-column:initial;}.kb-row-layout-id6119_8d9d55-b5 > .kt-row-column-wrap{grid-template-columns:minmax(0, 1fr);}}<\/style><div class=\"kb-row-layout-wrap kb-row-layout-id6119_8d9d55-b5 alignnone wp-block-kadence-rowlayout\"><div class=\"kt-row-column-wrap kt-has-3-columns kt-row-layout-center-half kt-tab-layout-inherit kt-mobile-layout-row kt-row-valign-top\">\n<style>.kadence-column6119_0879d6-c8 > .kt-inside-inner-col,.kadence-column6119_0879d6-c8 > .kt-inside-inner-col:before{border-top-left-radius:0px;border-top-right-radius:0px;border-bottom-right-radius:0px;border-bottom-left-radius:0px;}.kadence-column6119_0879d6-c8 > .kt-inside-inner-col{column-gap:var(--global-kb-gap-sm, 1rem);}.kadence-column6119_0879d6-c8 > .kt-inside-inner-col{flex-direction:column;}.kadence-column6119_0879d6-c8 > .kt-inside-inner-col > .aligncenter{width:100%;}.kadence-column6119_0879d6-c8 > .kt-inside-inner-col:before{opacity:0.3;}.kadence-column6119_0879d6-c8{position:relative;}@media all and (max-width: 1024px){.kadence-column6119_0879d6-c8 > .kt-inside-inner-col{flex-direction:column;justify-content:center;}}@media all and (max-width: 767px){.kadence-column6119_0879d6-c8 > .kt-inside-inner-col{flex-direction:column;justify-content:center;}}<\/style>\n<div class=\"wp-block-kadence-column kadence-column6119_0879d6-c8\"><div class=\"kt-inside-inner-col\"><\/div><\/div>\n\n\n<style>.kadence-column6119_097eba-af > .kt-inside-inner-col,.kadence-column6119_097eba-af > .kt-inside-inner-col:before{border-top-left-radius:0px;border-top-right-radius:0px;border-bottom-right-radius:0px;border-bottom-left-radius:0px;}.kadence-column6119_097eba-af > .kt-inside-inner-col{column-gap:var(--global-kb-gap-sm, 1rem);}.kadence-column6119_097eba-af > .kt-inside-inner-col{flex-direction:column;}.kadence-column6119_097eba-af > .kt-inside-inner-col > .aligncenter{width:100%;}.kadence-column6119_097eba-af > .kt-inside-inner-col:before{opacity:0.3;}.kadence-column6119_097eba-af{position:relative;}@media all and (max-width: 1024px){.kadence-column6119_097eba-af > .kt-inside-inner-col{flex-direction:column;justify-content:center;}}@media all and (max-width: 767px){.kadence-column6119_097eba-af > .kt-inside-inner-col{flex-direction:column;justify-content:center;}}<\/style>\n<div class=\"wp-block-kadence-column kadence-column6119_097eba-af\"><div class=\"kt-inside-inner-col\"><style>.wp-block-kadence-advancedheading.kt-adv-heading6119_e17825-2f, .wp-block-kadence-advancedheading.kt-adv-heading6119_e17825-2f[data-kb-block=\"kb-adv-heading6119_e17825-2f\"]{font-style:normal;}.wp-block-kadence-advancedheading.kt-adv-heading6119_e17825-2f mark.kt-highlight, .wp-block-kadence-advancedheading.kt-adv-heading6119_e17825-2f[data-kb-block=\"kb-adv-heading6119_e17825-2f\"] mark.kt-highlight{font-style:normal;color:#f76a0c;-webkit-box-decoration-break:clone;box-decoration-break:clone;padding-top:0px;padding-right:0px;padding-bottom:0px;padding-left:0px;}.wp-block-kadence-advancedheading.kt-adv-heading6119_e17825-2f img.kb-inline-image, .wp-block-kadence-advancedheading.kt-adv-heading6119_e17825-2f[data-kb-block=\"kb-adv-heading6119_e17825-2f\"] img.kb-inline-image{width:150px;vertical-align:baseline;}<\/style>\n<h3 class=\"kt-adv-heading6119_e17825-2f wp-block-kadence-advancedheading\" data-kb-block=\"kb-adv-heading6119_e17825-2f\"><strong>Cosa ricevi<\/strong><\/h3>\n\n\n\n<p><br>\u2022 Accesso anticipato alle nuove opere prima della pubblicazione ufficiale<br>\u2022 Accesso prioritario alle stampe in edizione limitata<br>\u2022 Riflessioni e approfondimenti occasionali dallo studio<br>\u2022 Un collegamento diretto con l&#8217;evoluzione dell&#8217;opera<br> <br><strong>Questa non \u00e8 una newsletter.<\/strong><br>\u00c8 uno spazio di continuit\u00e0, dallo studio a una ristretta cerchia di collezionisti.Scrivo raramente.<br>Solo quando qualcosa di significativo \u00e8 pronto per essere condiviso.<br><br>Se senti che qualcosa ti resta,<br>\u00e8 qui che continua.<\/p>\n<\/div><\/div>\n\n\n<style>.kadence-column6119_a5e923-dc > .kt-inside-inner-col,.kadence-column6119_a5e923-dc > .kt-inside-inner-col:before{border-top-left-radius:0px;border-top-right-radius:0px;border-bottom-right-radius:0px;border-bottom-left-radius:0px;}.kadence-column6119_a5e923-dc > .kt-inside-inner-col{column-gap:var(--global-kb-gap-sm, 1rem);}.kadence-column6119_a5e923-dc > .kt-inside-inner-col{flex-direction:column;}.kadence-column6119_a5e923-dc > .kt-inside-inner-col > .aligncenter{width:100%;}.kadence-column6119_a5e923-dc > .kt-inside-inner-col:before{opacity:0.3;}.kadence-column6119_a5e923-dc{position:relative;}@media all and (max-width: 1024px){.kadence-column6119_a5e923-dc > .kt-inside-inner-col{flex-direction:column;justify-content:center;}}@media all and (max-width: 767px){.kadence-column6119_a5e923-dc > .kt-inside-inner-col{flex-direction:column;justify-content:center;}}<\/style>\n<div class=\"wp-block-kadence-column kadence-column6119_a5e923-dc\"><div class=\"kt-inside-inner-col\"><\/div><\/div>\n\n<\/div><\/div>\n\n<style>.kb-row-layout-id6119_0c9bca-96 > .kt-row-column-wrap{align-content:start;}:where(.kb-row-layout-id6119_0c9bca-96 > .kt-row-column-wrap) > .wp-block-kadence-column{justify-content:start;}.kb-row-layout-id6119_0c9bca-96 > .kt-row-column-wrap{column-gap:var(--global-kb-gap-md, 2rem);row-gap:var(--global-kb-gap-md, 2rem);max-width:var( --global-content-width, 1290px );padding-left:var(--global-content-edge-padding);padding-right:var(--global-content-edge-padding);padding-top:var(--global-kb-spacing-sm, 1.5rem);padding-bottom:var(--global-kb-spacing-sm, 1.5rem);grid-template-columns:minmax(0, calc(15% - ((var(--global-kb-gap-md, 2rem) * 2 )\/3)))minmax(0, calc(70% - ((var(--global-kb-gap-md, 2rem) * 2 )\/3)))minmax(0, calc(15% - ((var(--global-kb-gap-md, 2rem) * 2 )\/3)));}.kb-row-layout-id6119_0c9bca-96 > .kt-row-layout-overlay{opacity:0.30;}@media all and (max-width: 1024px){.kb-row-layout-id6119_0c9bca-96 > .kt-row-column-wrap > div:not(.added-for-specificity){grid-column:initial;}}@media all and (max-width: 1024px){.kb-row-layout-id6119_0c9bca-96 > .kt-row-column-wrap{grid-template-columns:minmax(0, 1fr) minmax(0, 6fr) minmax(0, 1fr);}}@media all and (max-width: 767px){.kb-row-layout-id6119_0c9bca-96 > .kt-row-column-wrap > div:not(.added-for-specificity){grid-column:initial;}.kb-row-layout-id6119_0c9bca-96 > .kt-row-column-wrap{grid-template-columns:minmax(0, 1fr);}}<\/style><div class=\"kb-row-layout-wrap kb-row-layout-id6119_0c9bca-96 alignnone wp-block-kadence-rowlayout\"><div class=\"kt-row-column-wrap kt-has-3-columns kt-row-layout-center-exwide kt-tab-layout-inherit kt-mobile-layout-row kt-row-valign-top kb-theme-content-width\">\n<style>.kadence-column6119_6100de-64 > .kt-inside-inner-col,.kadence-column6119_6100de-64 > .kt-inside-inner-col:before{border-top-left-radius:0px;border-top-right-radius:0px;border-bottom-right-radius:0px;border-bottom-left-radius:0px;}.kadence-column6119_6100de-64 > .kt-inside-inner-col{column-gap:var(--global-kb-gap-sm, 1rem);}.kadence-column6119_6100de-64 > .kt-inside-inner-col{flex-direction:column;}.kadence-column6119_6100de-64 > .kt-inside-inner-col > .aligncenter{width:100%;}.kadence-column6119_6100de-64 > .kt-inside-inner-col:before{opacity:0.3;}.kadence-column6119_6100de-64{position:relative;}@media all and (max-width: 1024px){.kadence-column6119_6100de-64 > .kt-inside-inner-col{flex-direction:column;justify-content:center;}}@media all and (max-width: 767px){.kadence-column6119_6100de-64 > .kt-inside-inner-col{flex-direction:column;justify-content:center;}}<\/style>\n<div class=\"wp-block-kadence-column kadence-column6119_6100de-64\"><div class=\"kt-inside-inner-col\"><\/div><\/div>\n\n\n<style>.kadence-column6119_e63c30-6e > .kt-inside-inner-col,.kadence-column6119_e63c30-6e > .kt-inside-inner-col:before{border-top-left-radius:0px;border-top-right-radius:0px;border-bottom-right-radius:0px;border-bottom-left-radius:0px;}.kadence-column6119_e63c30-6e > .kt-inside-inner-col{column-gap:var(--global-kb-gap-sm, 1rem);}.kadence-column6119_e63c30-6e > .kt-inside-inner-col{flex-direction:column;}.kadence-column6119_e63c30-6e > .kt-inside-inner-col > .aligncenter{width:100%;}.kadence-column6119_e63c30-6e > .kt-inside-inner-col:before{opacity:0.3;}.kadence-column6119_e63c30-6e{position:relative;}@media all and (max-width: 1024px){.kadence-column6119_e63c30-6e > .kt-inside-inner-col{flex-direction:column;justify-content:center;}}@media all and (max-width: 767px){.kadence-column6119_e63c30-6e > .kt-inside-inner-col{flex-direction:column;justify-content:center;}}<\/style>\n<div class=\"wp-block-kadence-column kadence-column6119_e63c30-6e\"><div class=\"kt-inside-inner-col\">\n            <div id=\"mailerlite-form_2\" data-temp-id=\"69f1df86a236d\">\n                <div class=\"mailerlite-form\">\n                    <form action=\"\" method=\"post\" novalidate>\n                                                    <div class=\"mailerlite-form-title\"><h3>Entra nel Circolo dei Collezionisti<\/h3><\/div>\n                                                <div class=\"mailerlite-form-description\"><p>Scopri in anteprima le nuove opere prima che vengano esposte al pubblico.<\/p>\n<p>I collezionisti spesso acquistano opere provenienti da questa cerchia prima che vengano rese pubbliche.<\/p>\n<\/div>\n                        <div class=\"mailerlite-form-inputs\">\n                                                                                            <div class=\"mailerlite-form-field\">\n                                    <label for=\"mailerlite-2-field-name\">Nome<\/label>\n                                    <input id=\"mailerlite-2-field-name\"\n                                           type=\"text\"                                            name=\"form_fields[name]\"\n                                           placeholder=\"Nome\"\/>\n                                <\/div>\n                                                                                            <div class=\"mailerlite-form-field\">\n                                    <label for=\"mailerlite-2-field-email\">Email<\/label>\n                                    <input id=\"mailerlite-2-field-email\"\n                                           type=\"email\" required=\"required\"                                            name=\"form_fields[email]\"\n                                           placeholder=\"Email\"\/>\n                                <\/div>\n                                                        <div class=\"mailerlite-form-loader\">Please wait...<\/div>\n                            <div class=\"mailerlite-subscribe-button-container\">\n                                <button class=\"mailerlite-subscribe-submit\" type=\"submit\">\n                                    Entra nel Circolo                                <\/button>\n                            <\/div>\n                            <input type=\"hidden\" name=\"form_id\" value=\"2\"\/>\n                            <input type=\"hidden\" name=\"action\" value=\"mailerlite_subscribe_form\"\/>\n                            <input type=\"hidden\" name=\"ml_nonce\" value=\"3e4bba9f10\"\/>\n                        <\/div>\n                        <div class=\"mailerlite-form-response\">\n                                                            <h4><p>Grazie per esserti unito al Circolo dei Collezionisti.<br \/>\nSarai tra i primi a vedere le nuove opere quando verranno pubblicate.<\/p>\n<\/h4>\n                                                    <\/div>\n                    <\/form>\n                <\/div>\n            <\/div>\n        <script type=\"text\/javascript\" src='https:\/\/ilariaberenice.art\/wp-content\/plugins\/official-mailerlite-sign-up-forms\/assets\/js\/localization\/validation-messages.js'><\/script>\n         <script type=\"text\/javascript\"> var selectedLanguage = \"it\"; var validationMessages = messages[\"en\"]; if(selectedLanguage) { validationMessages = messages[selectedLanguage]; } window.addEventListener(\"load\", function () { var form_container = document.querySelector(`#mailerlite-form_2[data-temp-id=\"69f1df86a236d\"] form`); let submitButton = form_container.querySelector('.mailerlite-subscribe-submit'); submitButton.disabled = true; fetch('https:\/\/ilariaberenice.art\/wp-admin\/admin-ajax.php', { method: 'POST', headers:{ 'Content-Type': 'application\/x-www-form-urlencoded', }, body: new URLSearchParams({ \"action\" : \"ml_create_nonce\", \"ml_nonce\" : form_container.querySelector(\"input[name='ml_nonce']\").value }) }) .then((response) => response.json()) .then((json) => { if(json.success) { form_container.querySelector(\"input[name='ml_nonce']\").value = json.data.ml_nonce; submitButton.disabled = false; } }) .catch((error) => { console.error('Error:', error); }); form_container.addEventListener('submit', (e) => { e.preventDefault(); let data = new URLSearchParams(new FormData(form_container)).toString(); let validationError = false; document.querySelectorAll('.mailerlite-form-error').forEach(el => el.remove()); Array.from(form_container.elements).forEach((input) => { if(input.type !== 'hidden') { if(input.required) { if(input.value == '') { validationError = true; let error = document.createElement(\"span\"); error.className = 'mailerlite-form-error'; error.textContent = validationMessages.required; input.after(error); return false; } } if((input.type == \"email\") && (!validateEmail(input.value))) { validationError = true; let error = document.createElement(\"span\"); error.className = 'mailerlite-form-error'; error.textContent = validationMessages.email; input.after(error); return false; } } }); if(validationError) { return false; } fade.out(form_container.querySelector('.mailerlite-subscribe-button-container'), () => { fade.in(form_container.querySelector('.mailerlite-form-loader')); }); fetch('https:\/\/ilariaberenice.art\/wp-admin\/admin-ajax.php', { method: 'POST', headers:{ 'Content-Type': 'application\/x-www-form-urlencoded', }, body: data }) .then((response) => { fade.out(form_container.querySelector('.mailerlite-form-inputs'), () => { fade.in(form_container.querySelector('.mailerlite-form-response')); }); }) .catch((error) => { console.error('Error:', error); }); }); }, false); var fade = { out: function(el, fn = false) { var fadeOutEffect = setInterval(function () { if (!el.style.opacity) { el.style.opacity = 1; } if (el.style.opacity > 0) { el.style.opacity -= 0.1; } else { el.style.display = 'none'; clearInterval(fadeOutEffect); } }, 50); if( typeof (fn) == 'function') { fn(); } }, in: function(el) { var fadeInEffect = setInterval(function () { if (!el.style.opacity) { el.style.opacity = 0; } if (el.style.opacity < 1) { el.style.opacity = Number(el.style.opacity) + 0.1; } else { el.style.display = 'block'; clearInterval(fadeInEffect); } }, 50); } }; function validateEmail(email){ if(email.match( \/^(([^<>()[\\]\\\\.,;:\\s@\\\"]+(\\.[^<>()[\\]\\\\.,;:\\s@\\\"]+)*)|(\\\".+\\\"))@((\\[[0-9]{1,3}\\.[0-9]{1,3}\\.[0-9]{1,3}\\.[0-9]{1,3}\\])|(([a-zA-Z\\-0-9]+\\.)+[a-zA-Z]{2,}))$\/ )) { return true; } return false; } <\/script> \n<\/div><\/div>\n\n\n<style>.kadence-column6119_2e2c41-46 > .kt-inside-inner-col,.kadence-column6119_2e2c41-46 > .kt-inside-inner-col:before{border-top-left-radius:0px;border-top-right-radius:0px;border-bottom-right-radius:0px;border-bottom-left-radius:0px;}.kadence-column6119_2e2c41-46 > .kt-inside-inner-col{column-gap:var(--global-kb-gap-sm, 1rem);}.kadence-column6119_2e2c41-46 > .kt-inside-inner-col{flex-direction:column;}.kadence-column6119_2e2c41-46 > .kt-inside-inner-col > .aligncenter{width:100%;}.kadence-column6119_2e2c41-46 > .kt-inside-inner-col:before{opacity:0.3;}.kadence-column6119_2e2c41-46{position:relative;}@media all and (max-width: 1024px){.kadence-column6119_2e2c41-46 > .kt-inside-inner-col{flex-direction:column;justify-content:center;}}@media all and (max-width: 767px){.kadence-column6119_2e2c41-46 > .kt-inside-inner-col{flex-direction:column;justify-content:center;}}<\/style>\n<div class=\"wp-block-kadence-column kadence-column6119_2e2c41-46\"><div class=\"kt-inside-inner-col\"><\/div><\/div>\n\n<\/div><\/div>\n\n<style>.kb-row-layout-id6119_cfbec2-a9 > .kt-row-column-wrap{align-content:start;}:where(.kb-row-layout-id6119_cfbec2-a9 > .kt-row-column-wrap) > .wp-block-kadence-column{justify-content:start;}.kb-row-layout-id6119_cfbec2-a9 > .kt-row-column-wrap{column-gap:var(--global-kb-gap-md, 2rem);row-gap:var(--global-kb-gap-md, 2rem);max-width:var( --global-content-width, 1290px );padding-left:var(--global-content-edge-padding);padding-right:var(--global-content-edge-padding);padding-top:var(--global-kb-spacing-sm, 1.5rem);padding-bottom:var(--global-kb-spacing-sm, 1.5rem);grid-template-columns:minmax(0, 1fr);}.kb-row-layout-id6119_cfbec2-a9 > .kt-row-layout-overlay{opacity:0.30;}@media all and (max-width: 1024px){.kb-row-layout-id6119_cfbec2-a9 > .kt-row-column-wrap{grid-template-columns:minmax(0, 1fr);}}@media all and (max-width: 767px){.kb-row-layout-id6119_cfbec2-a9 > .kt-row-column-wrap{grid-template-columns:minmax(0, 1fr);}}<\/style><div class=\"kb-row-layout-wrap kb-row-layout-id6119_cfbec2-a9 alignnone wp-block-kadence-rowlayout\"><div class=\"kt-row-column-wrap kt-has-1-columns kt-row-layout-equal kt-tab-layout-inherit kt-mobile-layout-row kt-row-valign-top kb-theme-content-width\">\n<style>.kadence-column6119_d10988-b9 > .kt-inside-inner-col,.kadence-column6119_d10988-b9 > .kt-inside-inner-col:before{border-top-left-radius:0px;border-top-right-radius:0px;border-bottom-right-radius:0px;border-bottom-left-radius:0px;}.kadence-column6119_d10988-b9 > .kt-inside-inner-col{column-gap:var(--global-kb-gap-sm, 1rem);}.kadence-column6119_d10988-b9 > .kt-inside-inner-col{flex-direction:column;}.kadence-column6119_d10988-b9 > .kt-inside-inner-col > .aligncenter{width:100%;}.kadence-column6119_d10988-b9 > .kt-inside-inner-col:before{opacity:0.3;}.kadence-column6119_d10988-b9{position:relative;}@media all and (max-width: 1024px){.kadence-column6119_d10988-b9 > .kt-inside-inner-col{flex-direction:column;justify-content:center;}}@media all and (max-width: 767px){.kadence-column6119_d10988-b9 > .kt-inside-inner-col{flex-direction:column;justify-content:center;}}<\/style>\n<div class=\"wp-block-kadence-column kadence-column6119_d10988-b9\"><div class=\"kt-inside-inner-col\"><style>.wp-block-kadence-advancedheading.kt-adv-heading6119_36167f-31, .wp-block-kadence-advancedheading.kt-adv-heading6119_36167f-31[data-kb-block=\"kb-adv-heading6119_36167f-31\"]{text-align:center;font-style:normal;}.wp-block-kadence-advancedheading.kt-adv-heading6119_36167f-31 mark.kt-highlight, .wp-block-kadence-advancedheading.kt-adv-heading6119_36167f-31[data-kb-block=\"kb-adv-heading6119_36167f-31\"] mark.kt-highlight{font-style:normal;color:#f76a0c;-webkit-box-decoration-break:clone;box-decoration-break:clone;padding-top:0px;padding-right:0px;padding-bottom:0px;padding-left:0px;}.wp-block-kadence-advancedheading.kt-adv-heading6119_36167f-31 img.kb-inline-image, .wp-block-kadence-advancedheading.kt-adv-heading6119_36167f-31[data-kb-block=\"kb-adv-heading6119_36167f-31\"] img.kb-inline-image{width:150px;vertical-align:baseline;}<\/style>\n<p class=\"kt-adv-heading6119_36167f-31 wp-block-kadence-advancedheading\" data-kb-block=\"kb-adv-heading6119_36167f-31\">Un piccolo cerchio. Nessun rumore. Nessuna frequenza: solo quando qualcosa conta davvero.  <\/p>\n\n\n\n<p class=\"has-text-align-center\">Niente spam. Solo quando viene pubblicato qualcosa di significativo. <\/p>\n\n\n\n<p class=\"has-text-align-center\">Registrandoti, accetti di ricevere email da Ilaria Berenice. Puoi annullare l&#8217;iscrizione in qualsiasi momento. <br><a href=\"https:\/\/ilariaberenice.art\/it\/politica-sulla-riservatezza\/\">[Informativa sulla privacy]<\/a><\/p>\n<\/div><\/div>\n\n<\/div><\/div>\n\n\n<div style=\"height:44px\" aria-hidden=\"true\" class=\"wp-block-spacer\"><\/div>\n\n\n<div class=\"wp-block-image\">\n<figure class=\"aligncenter size-full\"><img loading=\"lazy\" decoding=\"async\" width=\"800\" height=\"600\" src=\"https:\/\/ilariaberenice.art\/wp-content\/uploads\/2026\/01\/d5586643b26b4ff3b1c1c2d9a59becce.jpg\" alt=\"Circolo dei collezionisti - St Germain - Stampa artistica in edizione limitata\" class=\"wp-image-5862\" srcset=\"https:\/\/ilariaberenice.art\/wp-content\/uploads\/2026\/01\/d5586643b26b4ff3b1c1c2d9a59becce.jpg 800w, https:\/\/ilariaberenice.art\/wp-content\/uploads\/2026\/01\/d5586643b26b4ff3b1c1c2d9a59becce-300x225.jpg 300w, https:\/\/ilariaberenice.art\/wp-content\/uploads\/2026\/01\/d5586643b26b4ff3b1c1c2d9a59becce-768x576.jpg 768w, https:\/\/ilariaberenice.art\/wp-content\/uploads\/2026\/01\/d5586643b26b4ff3b1c1c2d9a59becce-600x450.jpg 600w\" sizes=\"auto, (max-width: 800px) 100vw, 800px\" \/><\/figure>\n<\/div>","protected":false},"excerpt":{"rendered":"<p>Unisciti al Circolo dei Collezionisti Ci sono opere che vengono semplicemente viste.E altre che restano.Il Collector Circle \u00e8 uno spazio tranquillo per coloro che sentono che qualcosa resta \u2013e desiderano seguirne l&#8217;evoluzione nel tempo.Ma soprattutto, \u00e8 il luogo in cui l&#8217;opera diventa accessibile prima di scomparire nelle collezioni private. Cosa ricevi \u2022 Accesso anticipato alle&#8230;<\/p>\n","protected":false},"author":2,"featured_media":5972,"parent":0,"menu_order":0,"comment_status":"closed","ping_status":"closed","template":"","meta":{"_kad_post_transparent":"","_kad_post_title":"","_kad_post_layout":"","_kad_post_sidebar_id":"","_kad_post_content_style":"","_kad_post_vertical_padding":"","_kad_post_feature":"","_kad_post_feature_position":"","_kad_post_header":false,"_kad_post_footer":false,"_kad_post_classname":"","footnotes":""},"class_list":["post-6119","page","type-page","status-publish","has-post-thumbnail","hentry"],"_links":{"self":[{"href":"https:\/\/ilariaberenice.art\/it\/wp-json\/wp\/v2\/pages\/6119","targetHints":{"allow":["GET"]}}],"collection":[{"href":"https:\/\/ilariaberenice.art\/it\/wp-json\/wp\/v2\/pages"}],"about":[{"href":"https:\/\/ilariaberenice.art\/it\/wp-json\/wp\/v2\/types\/page"}],"author":[{"embeddable":true,"href":"https:\/\/ilariaberenice.art\/it\/wp-json\/wp\/v2\/users\/2"}],"replies":[{"embeddable":true,"href":"https:\/\/ilariaberenice.art\/it\/wp-json\/wp\/v2\/comments?post=6119"}],"version-history":[{"count":10,"href":"https:\/\/ilariaberenice.art\/it\/wp-json\/wp\/v2\/pages\/6119\/revisions"}],"predecessor-version":[{"id":6516,"href":"https:\/\/ilariaberenice.art\/it\/wp-json\/wp\/v2\/pages\/6119\/revisions\/6516"}],"wp:featuredmedia":[{"embeddable":true,"href":"https:\/\/ilariaberenice.art\/it\/wp-json\/wp\/v2\/media\/5972"}],"wp:attachment":[{"href":"https:\/\/ilariaberenice.art\/it\/wp-json\/wp\/v2\/media?parent=6119"}],"curies":[{"name":"wp","href":"https:\/\/api.w.org\/{rel}","templated":true}]}}